{"id":436,"date":"2025-09-09T08:39:01","date_gmt":"2025-09-09T08:39:01","guid":{"rendered":"https:\/\/ankaformacion.com\/?page_id=436"},"modified":"2025-10-06T10:06:21","modified_gmt":"2025-10-06T10:06:21","slug":"formacion-emocional-equipos","status":"publish","type":"page","link":"https:\/\/ankaformacion.com\/es\/formacion-emocional-equipos\/","title":{"rendered":"Prevenci\u00f3n en salud mental"},"content":{"rendered":"\n<div class=\"wp-block-cover alignfull\" style=\"min-height:320px;aspect-ratio:unset;\"><span aria-hidden=\"true\" class=\"wp-block-cover__background has-nv-site-bg-background-color has-background-dim-100 has-background-dim\"><\/span><div class=\"wp-block-cover__inner-container is-layout-flow wp-block-cover-is-layout-flow\">\n<div class=\"wp-block-group\"><div class=\"wp-block-group__inner-container is-layout-flow wp-block-group-is-layout-flow\">\n<div class=\"wp-block-columns are-vertically-aligned-center is-layout-flex wp-container-core-columns-is-layout-9d6595d7 wp-block-columns-is-layout-flex\">\n<div class=\"wp-block-column is-vertically-aligned-center is-layout-flow wp-block-column-is-layout-flow\" style=\"flex-basis:70%\">\n<h1 class=\"wp-block-heading has-text-align-left has-neve-text-color-color has-text-color\"><strong>Prevenci\u00f3n de la salud mental<\/strong><\/h1>\n\n\n\n<p class=\"has-neve-text-color-color has-text-color\">Apoyamos a las organizaciones a cuidar el bienestar emocional de sus equipos, previniendo el estr\u00e9s, reduciendo riesgos y creando un entorno laboral m\u00e1s sano y sostenible.<\/p>\n<\/div>\n\n\n\n<div class=\"wp-block-column is-vertically-aligned-center is-layout-flow wp-block-column-is-layout-flow\" style=\"flex-basis:30%\"><\/div>\n<\/div>\n<\/div><\/div>\n<\/div><\/div>\n\n\n\n<div class=\"wp-block-cover alignfull\" style=\"min-height:600px;aspect-ratio:unset;\"><span aria-hidden=\"true\" class=\"wp-block-cover__background has-nv-light-bg-background-color has-background-dim-100 has-background-dim\"><\/span><div class=\"wp-block-cover__inner-container is-layout-flow wp-block-cover-is-layout-flow\">\n<div class=\"wp-block-group\"><div class=\"wp-block-group__inner-container is-layout-flow wp-block-group-is-layout-flow\">\n<div style=\"height:80px\" aria-hidden=\"true\" class=\"wp-block-spacer\"><\/div>\n\n\n\n<div class=\"wp-block-columns is-layout-flex wp-container-core-columns-is-layout-9d6595d7 wp-block-columns-is-layout-flex\">\n<div class=\"wp-block-column is-layout-flow wp-block-column-is-layout-flow\" style=\"flex-basis:66.79%\">\n<figure class=\"wp-block-image size-full has-custom-border\"><img loading=\"lazy\" decoding=\"async\" width=\"896\" height=\"1600\" src=\"https:\/\/ankaformacion.com\/wp-content\/uploads\/2025\/09\/salud-mental-2.jpg\" alt=\"\" class=\"wp-image-675\" style=\"border-radius:100px\" srcset=\"https:\/\/ankaformacion.com\/wp-content\/uploads\/2025\/09\/salud-mental-2.jpg 896w, https:\/\/ankaformacion.com\/wp-content\/uploads\/2025\/09\/salud-mental-2-168x300.jpg 168w, https:\/\/ankaformacion.com\/wp-content\/uploads\/2025\/09\/salud-mental-2-573x1024.jpg 573w, https:\/\/ankaformacion.com\/wp-content\/uploads\/2025\/09\/salud-mental-2-768x1371.jpg 768w, https:\/\/ankaformacion.com\/wp-content\/uploads\/2025\/09\/salud-mental-2-860x1536.jpg 860w\" sizes=\"auto, (max-width: 896px) 100vw, 896px\" \/><\/figure>\n\n\n\n<div style=\"height:40px\" aria-hidden=\"true\" class=\"wp-block-spacer\"><\/div>\n<\/div>\n\n\n\n<div class=\"wp-block-column is-layout-flow wp-block-column-is-layout-flow\" style=\"flex-basis:34%\">\n<p class=\"has-neve-text-color-color has-text-color\">Creamos espacios de confianza con todos los trabajadores que as\u00ed lo requieran para poder detectar a tiempo las problem\u00e1ticas individuales. Esta es una herramienta especialmente \u00fatil para prevenir el absentismo y las bajas laborales.<\/p>\n\n\n\n<ul class=\"wp-block-list\">\n<li class=\"has-nv-dark-bg-color has-text-color has-link-color wp-elements-2e9df4eee9cd30f4b21d2991d1f1d6f7\"><strong>Sesiones individuales o grupales de psicoterapia emocional<\/strong> con una psic\u00f3loga especializada en bienestar emocional.<\/li>\n\n\n\n<li class=\"has-nv-dark-bg-color has-text-color has-link-color wp-elements-bf231be0d9dbda91e83dc60435a9d68f\"><strong>Din\u00e1micas grupales<\/strong>: estimular la apertura emocional de los trabajadores mediante el juego o sesiones agradables de conexi\u00f3n emocional para as\u00ed poder detectar el malestar o patolog\u00eda individual y guiar a los trabajadores que lo necesiten en su recuperaci\u00f3n.<\/li>\n<\/ul>\n\n\n\n<p class=\"has-neve-text-color-color has-text-color\"><\/p>\n\n\n\n<p class=\"has-neve-text-color-color has-text-color\"><\/p>\n\n\n\n<div class=\"wp-block-buttons is-layout-flex wp-block-buttons-is-layout-flex\">\n<div class=\"wp-block-button is-style-primary\"><a class=\"wp-block-button__link wp-element-button\" href=\"https:\/\/ankaformacion.com\/nosotros\/\">CON\u00d3CENOS<\/a><\/div>\n<\/div>\n\n\n\n<div style=\"height:24px\" aria-hidden=\"true\" class=\"wp-block-spacer\"><\/div>\n\n\n\n<div style=\"height:24px\" aria-hidden=\"true\" class=\"wp-block-spacer\"><\/div>\n<\/div>\n<\/div>\n\n\n\n<div style=\"height:40px\" aria-hidden=\"true\" class=\"wp-block-spacer\"><\/div>\n<\/div><\/div>\n<\/div><\/div>\n\n\n\n<div class=\"wp-block-cover alignfull\" style=\"min-height:600px;aspect-ratio:unset;\"><span aria-hidden=\"true\" class=\"wp-block-cover__background has-nv-site-bg-background-color has-background-dim-100 has-background-dim\"><\/span><div class=\"wp-block-cover__inner-container is-layout-flow wp-block-cover-is-layout-flow\">\n<div class=\"wp-block-group\"><div class=\"wp-block-group__inner-container is-layout-flow wp-block-group-is-layout-flow\">\n<div style=\"height:80px\" aria-hidden=\"true\" class=\"wp-block-spacer\"><\/div>\n\n\n\n<h2 class=\"wp-block-heading has-neve-text-color-color has-text-color\">Otros servicios<\/h2>\n\n\n\n<div style=\"height:20px\" aria-hidden=\"true\" class=\"wp-block-spacer\"><\/div>\n\n\n\n<div class=\"wp-block-columns are-vertically-aligned-center is-layout-flex wp-container-core-columns-is-layout-9d6595d7 wp-block-columns-is-layout-flex\">\n<div class=\"wp-block-column is-vertically-aligned-center is-layout-flow wp-block-column-is-layout-flow\" style=\"flex-basis:50%\">\n<div class=\"wp-block-cover\" style=\"border-radius:100px\"><img loading=\"lazy\" decoding=\"async\" width=\"1024\" height=\"573\" class=\"wp-block-cover__image-background wp-image-654 size-large\" alt=\"\" src=\"https:\/\/ankaformacion.com\/wp-content\/uploads\/2025\/09\/trabajo-en-eqquipo-1024x573.jpg\" data-object-fit=\"cover\" srcset=\"https:\/\/ankaformacion.com\/wp-content\/uploads\/2025\/09\/trabajo-en-eqquipo-1024x573.jpg 1024w, https:\/\/ankaformacion.com\/wp-content\/uploads\/2025\/09\/trabajo-en-eqquipo-300x168.jpg 300w, https:\/\/ankaformacion.com\/wp-content\/uploads\/2025\/09\/trabajo-en-eqquipo-768x430.jpg 768w, https:\/\/ankaformacion.com\/wp-content\/uploads\/2025\/09\/trabajo-en-eqquipo-1536x860.jpg 1536w, https:\/\/ankaformacion.com\/wp-content\/uploads\/2025\/09\/trabajo-en-eqquipo.jpg 1600w\" sizes=\"auto, (max-width: 1024px) 100vw, 1024px\" \/><span aria-hidden=\"true\" class=\"wp-block-cover__background has-background-dim\" style=\"background-color:#67553b\"><\/span><div class=\"wp-block-cover__inner-container is-layout-flow wp-block-cover-is-layout-flow\">\n<p class=\"has-text-align-center has-nv-site-bg-color has-text-color has-link-color has-large-font-size wp-elements-0e3153c4ba6312f74c0559846ae1a633\"><strong><a href=\"https:\/\/ankaformacion.com\/evaluacion-equipos\/\" data-type=\"page\" data-id=\"71\">Evaluaci\u00f3n de equipos de trabajo<\/a><\/strong><\/p>\n<\/div><\/div>\n\n\n\n<div style=\"height:40px\" aria-hidden=\"true\" class=\"wp-block-spacer\"><\/div>\n<\/div>\n\n\n\n<div class=\"wp-block-column is-vertically-aligned-center is-layout-flow wp-block-column-is-layout-flow\" style=\"flex-basis:50%\">\n<div class=\"wp-block-cover\" style=\"border-radius:100px\"><img loading=\"lazy\" decoding=\"async\" width=\"1024\" height=\"573\" class=\"wp-block-cover__image-background wp-image-656 size-large\" alt=\"\" src=\"https:\/\/ankaformacion.com\/wp-content\/uploads\/2025\/09\/resolucion-de-conflictos-1024x573.jpg\" data-object-fit=\"cover\" srcset=\"https:\/\/ankaformacion.com\/wp-content\/uploads\/2025\/09\/resolucion-de-conflictos-1024x573.jpg 1024w, https:\/\/ankaformacion.com\/wp-content\/uploads\/2025\/09\/resolucion-de-conflictos-300x168.jpg 300w, https:\/\/ankaformacion.com\/wp-content\/uploads\/2025\/09\/resolucion-de-conflictos-768x430.jpg 768w, https:\/\/ankaformacion.com\/wp-content\/uploads\/2025\/09\/resolucion-de-conflictos-1536x860.jpg 1536w, https:\/\/ankaformacion.com\/wp-content\/uploads\/2025\/09\/resolucion-de-conflictos.jpg 1600w\" sizes=\"auto, (max-width: 1024px) 100vw, 1024px\" \/><span aria-hidden=\"true\" class=\"wp-block-cover__background has-background-dim\" style=\"background-color:#7b604a\"><\/span><div class=\"wp-block-cover__inner-container is-layout-flow wp-block-cover-is-layout-flow\">\n<p class=\"has-text-align-center has-nv-site-bg-color has-text-color has-link-color has-large-font-size wp-elements-89995bdbe9e07add0f468006d592bde8\"><strong><a href=\"https:\/\/ankaformacion.com\/resolucion-de-conflictos\/\" data-type=\"page\" data-id=\"457\">Resoluci\u00f3n de conflictos<\/a><\/strong><\/p>\n<\/div><\/div>\n\n\n\n<div style=\"height:40px\" aria-hidden=\"true\" class=\"wp-block-spacer\"><\/div>\n<\/div>\n<\/div>\n\n\n\n<div style=\"height:40px\" aria-hidden=\"true\" class=\"wp-block-spacer\"><\/div>\n<\/div><\/div>\n<\/div><\/div>\n\n\n\n<div class=\"wp-block-cover alignfull\" style=\"min-height:300px;aspect-ratio:unset;\"><span aria-hidden=\"true\" class=\"wp-block-cover__background has-nv-dark-bg-background-color has-background-dim-100 has-background-dim\"><\/span><div class=\"wp-block-cover__inner-container is-layout-flow wp-block-cover-is-layout-flow\">\n<div style=\"height:140px\" aria-hidden=\"true\" class=\"wp-block-spacer\"><\/div>\n\n\n\n<h2 class=\"wp-block-heading has-text-align-center has-nv-text-dark-bg-color has-text-color\">Trabajemos juntos en el bienestar del equipo<\/h2>\n\n\n\n<p class=\"has-text-align-center\">Mejorar el ambiente laboral es un proceso, y nosotros os guiaremos en cada etapa hacia una cultura empresarial m\u00e1s saludable.<\/p>\n\n\n\n<div class=\"wp-block-buttons is-horizontal is-content-justification-center is-layout-flex wp-container-core-buttons-is-layout-499968f5 wp-block-buttons-is-layout-flex\">\n<div class=\"wp-block-button is-style-primary\"><a class=\"wp-block-button__link wp-element-button\" href=\"https:\/\/ankaformacion.com\/contactar\">CON\u00d3CENOS<\/a><\/div>\n<\/div>\n\n\n\n<div style=\"height:140px\" aria-hidden=\"true\" class=\"wp-block-spacer\"><\/div>\n<\/div><\/div>\n","protected":false},"excerpt":{"rendered":"","protected":false},"author":1,"featured_media":0,"parent":0,"menu_order":0,"comment_status":"closed","ping_status":"closed","template":"","meta":{"neve_meta_sidebar":"","neve_meta_container":"default","neve_meta_enable_content_width":"on","neve_meta_content_width":100,"neve_meta_title_alignment":"","neve_meta_author_avatar":"","neve_post_elements_order":"","neve_meta_disable_header":"","neve_meta_disable_footer":"","neve_meta_disable_title":"on","_themeisle_gutenberg_block_has_review":false,"footnotes":""},"class_list":["post-436","page","type-page","status-publish","hentry"],"_links":{"self":[{"href":"https:\/\/ankaformacion.com\/es\/wp-json\/wp\/v2\/pages\/436","targetHints":{"allow":["GET"]}}],"collection":[{"href":"https:\/\/ankaformacion.com\/es\/wp-json\/wp\/v2\/pages"}],"about":[{"href":"https:\/\/ankaformacion.com\/es\/wp-json\/wp\/v2\/types\/page"}],"author":[{"embeddable":true,"href":"https:\/\/ankaformacion.com\/es\/wp-json\/wp\/v2\/users\/1"}],"replies":[{"embeddable":true,"href":"https:\/\/ankaformacion.com\/es\/wp-json\/wp\/v2\/comments?post=436"}],"version-history":[{"count":18,"href":"https:\/\/ankaformacion.com\/es\/wp-json\/wp\/v2\/pages\/436\/revisions"}],"predecessor-version":[{"id":839,"href":"https:\/\/ankaformacion.com\/es\/wp-json\/wp\/v2\/pages\/436\/revisions\/839"}],"wp:attachment":[{"href":"https:\/\/ankaformacion.com\/es\/wp-json\/wp\/v2\/media?parent=436"}],"curies":[{"name":"wp","href":"https:\/\/api.w.org\/{rel}","templated":true}]}}