{"id":457,"date":"2025-09-09T08:59:57","date_gmt":"2025-09-09T08:59:57","guid":{"rendered":"https:\/\/ankaformacion.com\/?page_id=457"},"modified":"2025-10-06T10:21:13","modified_gmt":"2025-10-06T10:21:13","slug":"resolucion-de-conflictos","status":"publish","type":"page","link":"https:\/\/ankaformacion.com\/es\/resolucion-de-conflictos\/","title":{"rendered":"Resoluci\u00f3n de conflictos"},"content":{"rendered":"\n<div class=\"wp-block-cover alignfull\" style=\"min-height:320px;aspect-ratio:unset;\"><span aria-hidden=\"true\" class=\"wp-block-cover__background has-nv-site-bg-background-color has-background-dim-100 has-background-dim\"><\/span><div class=\"wp-block-cover__inner-container is-layout-flow wp-block-cover-is-layout-flow\">\n<div class=\"wp-block-group\"><div class=\"wp-block-group__inner-container is-layout-flow wp-block-group-is-layout-flow\">\n<div class=\"wp-block-columns are-vertically-aligned-center is-layout-flex wp-container-core-columns-is-layout-9d6595d7 wp-block-columns-is-layout-flex\">\n<div class=\"wp-block-column is-vertically-aligned-center is-layout-flow wp-block-column-is-layout-flow\" style=\"flex-basis:70%\">\n<h1 class=\"wp-block-heading has-text-align-left has-neve-text-color-color has-text-color\"><strong>Resoluci\u00f3n de conflictos<\/strong><\/h1>\n\n\n\n<p class=\"has-neve-text-color-color has-text-color\">Herramientas para resolver conflictos laborales y transformar tensiones destructivas en oportunidades de crecimiento.<\/p>\n<\/div>\n\n\n\n<div class=\"wp-block-column is-vertically-aligned-center is-layout-flow wp-block-column-is-layout-flow\" style=\"flex-basis:30%\"><\/div>\n<\/div>\n<\/div><\/div>\n<\/div><\/div>\n\n\n\n<div class=\"wp-block-cover alignfull\" style=\"min-height:600px;aspect-ratio:unset;\"><span aria-hidden=\"true\" class=\"wp-block-cover__background has-nv-light-bg-background-color has-background-dim-100 has-background-dim\"><\/span><div class=\"wp-block-cover__inner-container is-layout-flow wp-block-cover-is-layout-flow\">\n<div class=\"wp-block-group\"><div class=\"wp-block-group__inner-container is-layout-flow wp-block-group-is-layout-flow\">\n<div style=\"height:80px\" aria-hidden=\"true\" class=\"wp-block-spacer\"><\/div>\n\n\n\n<div class=\"wp-block-columns is-layout-flex wp-container-core-columns-is-layout-9d6595d7 wp-block-columns-is-layout-flex\">\n<div class=\"wp-block-column is-layout-flow wp-block-column-is-layout-flow\" style=\"flex-basis:66.79%\">\n<figure class=\"wp-block-image size-full has-custom-border\"><img loading=\"lazy\" decoding=\"async\" width=\"896\" height=\"1600\" src=\"https:\/\/ankaformacion.com\/wp-content\/uploads\/2025\/09\/resolucion-conflictos.jpg\" alt=\"\" class=\"wp-image-672\" style=\"border-radius:100px\" srcset=\"https:\/\/ankaformacion.com\/wp-content\/uploads\/2025\/09\/resolucion-conflictos.jpg 896w, https:\/\/ankaformacion.com\/wp-content\/uploads\/2025\/09\/resolucion-conflictos-168x300.jpg 168w, https:\/\/ankaformacion.com\/wp-content\/uploads\/2025\/09\/resolucion-conflictos-573x1024.jpg 573w, https:\/\/ankaformacion.com\/wp-content\/uploads\/2025\/09\/resolucion-conflictos-768x1371.jpg 768w, https:\/\/ankaformacion.com\/wp-content\/uploads\/2025\/09\/resolucion-conflictos-860x1536.jpg 860w\" sizes=\"auto, (max-width: 896px) 100vw, 896px\" \/><\/figure>\n\n\n\n<div style=\"height:40px\" aria-hidden=\"true\" class=\"wp-block-spacer\"><\/div>\n<\/div>\n\n\n\n<div class=\"wp-block-column is-layout-flow wp-block-column-is-layout-flow\" style=\"flex-basis:34%\">\n<p class=\"has-neve-text-color-color has-text-color\">Creemos que un buen ambiente laboral es clave para el desempe\u00f1o profesional de lxs trabadorxs. En muchas ocasiones, debido a los altos vol\u00famenes de trabajo, los responsables de la empresa no pueden detectar las problem\u00e1ticas concretas de sus equipos. En ANKA ofrecemos servicios para facilitar estos procesos tan comunes en la mayor\u00eda de empresas.<\/p>\n\n\n\n<ul class=\"wp-block-list\">\n<li class=\"has-nv-dark-bg-color has-text-color has-link-color wp-elements-f0dc6c21da2fbfccbb33e5a77b98af8e\"><strong>Evaluaci\u00f3n del ambiente laboral<\/strong>: valoramos mediante herramientas de evaluaci\u00f3n el bienestar emocional de los trabajadores as\u00ed como entrevistas personalizadas con nuestro equipo de psic\u00f3logxs.<\/li>\n\n\n\n<li class=\"has-nv-dark-bg-color has-text-color has-link-color wp-elements-1d01e503c161d5493251dc4f2d44c2f8\"><strong>Trabajo espec\u00edfico con las necesidades detectadas<\/strong>: una vez conocemos las necesidades individuales y grupales de los equipos de trabajo lanzamos propuestas de adaptaci\u00f3n y mejoras acorde con los resultados obtenidos.<\/li>\n<\/ul>\n\n\n\n<p class=\"has-neve-text-color-color has-text-color\"><\/p>\n\n\n\n<div class=\"wp-block-buttons is-layout-flex wp-block-buttons-is-layout-flex\">\n<div class=\"wp-block-button is-style-primary\"><a class=\"wp-block-button__link wp-element-button\" href=\"https:\/\/ankaformacion.com\/nosotros\/\">CON\u00d3CENOS<\/a><\/div>\n<\/div>\n\n\n\n<div style=\"height:24px\" aria-hidden=\"true\" class=\"wp-block-spacer\"><\/div>\n\n\n\n<div style=\"height:24px\" aria-hidden=\"true\" class=\"wp-block-spacer\"><\/div>\n<\/div>\n<\/div>\n\n\n\n<div style=\"height:40px\" aria-hidden=\"true\" class=\"wp-block-spacer\"><\/div>\n<\/div><\/div>\n<\/div><\/div>\n\n\n\n<div class=\"wp-block-cover alignfull\" style=\"min-height:600px;aspect-ratio:unset;\"><span aria-hidden=\"true\" class=\"wp-block-cover__background has-nv-site-bg-background-color has-background-dim-100 has-background-dim\"><\/span><div class=\"wp-block-cover__inner-container is-layout-flow wp-block-cover-is-layout-flow\">\n<div class=\"wp-block-group\"><div class=\"wp-block-group__inner-container is-layout-flow wp-block-group-is-layout-flow\">\n<div style=\"height:80px\" aria-hidden=\"true\" class=\"wp-block-spacer\"><\/div>\n\n\n\n<h2 class=\"wp-block-heading has-neve-text-color-color has-text-color\">Otros servicios<\/h2>\n\n\n\n<div style=\"height:20px\" aria-hidden=\"true\" class=\"wp-block-spacer\"><\/div>\n\n\n\n<div class=\"wp-block-columns are-vertically-aligned-center is-layout-flex wp-container-core-columns-is-layout-9d6595d7 wp-block-columns-is-layout-flex\">\n<div class=\"wp-block-column is-vertically-aligned-center is-layout-flow wp-block-column-is-layout-flow\" style=\"flex-basis:50%\">\n<div class=\"wp-block-cover\" style=\"border-radius:100px\"><img loading=\"lazy\" decoding=\"async\" width=\"1024\" height=\"573\" class=\"wp-block-cover__image-background wp-image-655 size-large\" alt=\"\" src=\"https:\/\/ankaformacion.com\/wp-content\/uploads\/2025\/09\/salud-mental-1024x573.jpg\" data-object-fit=\"cover\" srcset=\"https:\/\/ankaformacion.com\/wp-content\/uploads\/2025\/09\/salud-mental-1024x573.jpg 1024w, https:\/\/ankaformacion.com\/wp-content\/uploads\/2025\/09\/salud-mental-300x168.jpg 300w, https:\/\/ankaformacion.com\/wp-content\/uploads\/2025\/09\/salud-mental-768x430.jpg 768w, https:\/\/ankaformacion.com\/wp-content\/uploads\/2025\/09\/salud-mental-1536x860.jpg 1536w, https:\/\/ankaformacion.com\/wp-content\/uploads\/2025\/09\/salud-mental.jpg 1600w\" sizes=\"auto, (max-width: 1024px) 100vw, 1024px\" \/><span aria-hidden=\"true\" class=\"wp-block-cover__background has-background-dim\" style=\"background-color:#5f4632\"><\/span><div class=\"wp-block-cover__inner-container is-layout-flow wp-block-cover-is-layout-flow\">\n<p class=\"has-text-align-center has-nv-site-bg-color has-text-color has-link-color has-large-font-size wp-elements-2c84ab166bd152ee2eb78e5895dd2f7d\"><strong><a href=\"https:\/\/ankaformacion.com\/formacion-emocional-equipos\/\" data-type=\"page\" data-id=\"436\">Prevenci\u00f3n en salud mental<\/a><\/strong><\/p>\n<\/div><\/div>\n\n\n\n<div style=\"height:40px\" aria-hidden=\"true\" class=\"wp-block-spacer\"><\/div>\n<\/div>\n\n\n\n<div class=\"wp-block-column is-vertically-aligned-center is-layout-flow wp-block-column-is-layout-flow\" style=\"flex-basis:50%\">\n<div class=\"wp-block-cover\" style=\"border-radius:100px\"><img loading=\"lazy\" decoding=\"async\" width=\"1024\" height=\"573\" class=\"wp-block-cover__image-background wp-image-654 size-large\" alt=\"\" src=\"https:\/\/ankaformacion.com\/wp-content\/uploads\/2025\/09\/trabajo-en-eqquipo-1024x573.jpg\" data-object-fit=\"cover\" srcset=\"https:\/\/ankaformacion.com\/wp-content\/uploads\/2025\/09\/trabajo-en-eqquipo-1024x573.jpg 1024w, https:\/\/ankaformacion.com\/wp-content\/uploads\/2025\/09\/trabajo-en-eqquipo-300x168.jpg 300w, https:\/\/ankaformacion.com\/wp-content\/uploads\/2025\/09\/trabajo-en-eqquipo-768x430.jpg 768w, https:\/\/ankaformacion.com\/wp-content\/uploads\/2025\/09\/trabajo-en-eqquipo-1536x860.jpg 1536w, https:\/\/ankaformacion.com\/wp-content\/uploads\/2025\/09\/trabajo-en-eqquipo.jpg 1600w\" sizes=\"auto, (max-width: 1024px) 100vw, 1024px\" \/><span aria-hidden=\"true\" class=\"wp-block-cover__background has-background-dim\" style=\"background-color:#67553b\"><\/span><div class=\"wp-block-cover__inner-container is-layout-flow wp-block-cover-is-layout-flow\">\n<p class=\"has-text-align-center has-nv-site-bg-color has-text-color has-link-color has-large-font-size wp-elements-7392852aab3ec2971b5e85506f99b1cb\"><strong><a href=\"https:\/\/ankaformacion.com\/evaluacion-equipos\" data-type=\"page\" data-id=\"71\">Evaluaci\u00f3n de equipos de trabajo<\/a><\/strong><\/p>\n<\/div><\/div>\n\n\n\n<div style=\"height:40px\" aria-hidden=\"true\" class=\"wp-block-spacer\"><\/div>\n<\/div>\n<\/div>\n\n\n\n<div style=\"height:40px\" aria-hidden=\"true\" class=\"wp-block-spacer\"><\/div>\n<\/div><\/div>\n<\/div><\/div>\n\n\n\n<div class=\"wp-block-cover alignfull\" style=\"min-height:300px;aspect-ratio:unset;\"><span aria-hidden=\"true\" class=\"wp-block-cover__background has-nv-dark-bg-background-color has-background-dim-100 has-background-dim\"><\/span><div class=\"wp-block-cover__inner-container is-layout-flow wp-block-cover-is-layout-flow\">\n<div style=\"height:140px\" aria-hidden=\"true\" class=\"wp-block-spacer\"><\/div>\n\n\n\n<h2 class=\"wp-block-heading has-text-align-center has-nv-text-dark-bg-color has-text-color\">Trabajemos juntos en el bienestar del equipo<\/h2>\n\n\n\n<p class=\"has-text-align-center\">Mejorar el ambiente laboral es un proceso, y nosotros os guiaremos en cada etapa hacia una cultura empresarial m\u00e1s saludable.<\/p>\n\n\n\n<div class=\"wp-block-buttons is-horizontal is-content-justification-center is-layout-flex wp-container-core-buttons-is-layout-499968f5 wp-block-buttons-is-layout-flex\">\n<div class=\"wp-block-button is-style-primary\"><a class=\"wp-block-button__link wp-element-button\" href=\"https:\/\/ankaformacion.com\/contactar\">CON\u00d3CENOS<\/a><\/div>\n<\/div>\n\n\n\n<div style=\"height:140px\" aria-hidden=\"true\" class=\"wp-block-spacer\"><\/div>\n<\/div><\/div>\n","protected":false},"excerpt":{"rendered":"","protected":false},"author":1,"featured_media":0,"parent":0,"menu_order":0,"comment_status":"closed","ping_status":"closed","template":"","meta":{"neve_meta_sidebar":"","neve_meta_container":"","neve_meta_enable_content_width":"on","neve_meta_content_width":100,"neve_meta_title_alignment":"","neve_meta_author_avatar":"","neve_post_elements_order":"","neve_meta_disable_header":"","neve_meta_disable_footer":"","neve_meta_disable_title":"on","_themeisle_gutenberg_block_has_review":false,"footnotes":""},"class_list":["post-457","page","type-page","status-publish","hentry"],"_links":{"self":[{"href":"https:\/\/ankaformacion.com\/es\/wp-json\/wp\/v2\/pages\/457","targetHints":{"allow":["GET"]}}],"collection":[{"href":"https:\/\/ankaformacion.com\/es\/wp-json\/wp\/v2\/pages"}],"about":[{"href":"https:\/\/ankaformacion.com\/es\/wp-json\/wp\/v2\/types\/page"}],"author":[{"embeddable":true,"href":"https:\/\/ankaformacion.com\/es\/wp-json\/wp\/v2\/users\/1"}],"replies":[{"embeddable":true,"href":"https:\/\/ankaformacion.com\/es\/wp-json\/wp\/v2\/comments?post=457"}],"version-history":[{"count":16,"href":"https:\/\/ankaformacion.com\/es\/wp-json\/wp\/v2\/pages\/457\/revisions"}],"predecessor-version":[{"id":847,"href":"https:\/\/ankaformacion.com\/es\/wp-json\/wp\/v2\/pages\/457\/revisions\/847"}],"wp:attachment":[{"href":"https:\/\/ankaformacion.com\/es\/wp-json\/wp\/v2\/media?parent=457"}],"curies":[{"name":"wp","href":"https:\/\/api.w.org\/{rel}","templated":true}]}}