{"id":61,"date":"2020-01-23T18:21:52","date_gmt":"2020-01-23T18:21:52","guid":{"rendered":"https:\/\/demosites.io\/web-agency-gb\/?page_id=61"},"modified":"2025-10-06T09:25:24","modified_gmt":"2025-10-06T09:25:24","slug":"nosotros","status":"publish","type":"page","link":"https:\/\/ankaformacion.com\/es\/nosotros\/","title":{"rendered":"Nosotros"},"content":{"rendered":"\n<div class=\"wp-block-cover alignfull\" style=\"min-height:600px;aspect-ratio:unset;\"><span aria-hidden=\"true\" class=\"wp-block-cover__background has-nv-light-bg-background-color has-background-dim-100 has-background-dim\"><\/span><div class=\"wp-block-cover__inner-container is-layout-flow wp-block-cover-is-layout-flow\">\n<div class=\"wp-block-group\"><div class=\"wp-block-group__inner-container is-layout-flow wp-block-group-is-layout-flow\">\n<div style=\"height:80px\" aria-hidden=\"true\" class=\"wp-block-spacer\"><\/div>\n\n\n\n<div class=\"wp-block-columns are-vertically-aligned-center has-neve-text-color-color has-text-color is-layout-flex wp-container-core-columns-is-layout-9d6595d7 wp-block-columns-is-layout-flex\">\n<div class=\"wp-block-column is-vertically-aligned-center is-layout-flow wp-block-column-is-layout-flow\" style=\"flex-basis:50%\">\n<figure class=\"wp-block-image size-large is-style-rounded\"><img loading=\"lazy\" decoding=\"async\" width=\"769\" height=\"1024\" src=\"https:\/\/ankaformacion.com\/wp-content\/uploads\/2025\/09\/nuestra-historia-anka-769x1024.jpg\" alt=\"\" class=\"wp-image-558\" srcset=\"https:\/\/ankaformacion.com\/wp-content\/uploads\/2025\/09\/nuestra-historia-anka-769x1024.jpg 769w, https:\/\/ankaformacion.com\/wp-content\/uploads\/2025\/09\/nuestra-historia-anka-225x300.jpg 225w, https:\/\/ankaformacion.com\/wp-content\/uploads\/2025\/09\/nuestra-historia-anka-768x1022.jpg 768w, https:\/\/ankaformacion.com\/wp-content\/uploads\/2025\/09\/nuestra-historia-anka.jpg 1040w\" sizes=\"auto, (max-width: 769px) 100vw, 769px\" \/><\/figure>\n<\/div>\n\n\n\n<div class=\"wp-block-column is-vertically-aligned-center is-layout-flow wp-block-column-is-layout-flow\" style=\"flex-basis:50%\">\n<h2 class=\"wp-block-heading has-neve-text-color-color has-text-color\">Nuestra historia<\/h2>\n\n\n\n<p class=\"has-neve-text-color-color has-text-color\"><strong>ANKA <\/strong>nace de la voluntad de acercar a las empresas y los profesionales que las conforman una atenci\u00f3n delicada a su bienestar emocional con la <strong>finalidad de enriquecer los equipos de trabajo y mejorar su calidad de vida. <\/strong><\/p>\n\n\n\n<p class=\"has-neve-text-color-color has-text-color\">ANKA somos un peque\u00f1o equipo de profesionales con una larga trayectoria en el cuidado emocional y la psicoterapia individual y grupal. Nacemos de la detecci\u00f3n de un patr\u00f3n en la poblaci\u00f3n muy evidente que encontramos reiteradamente en nuestras sesiones individuales, el MALESTAR LABORAL. <\/p>\n\n\n\n<p class=\"has-neve-text-color-color has-text-color\">Una persona trabaja un promedio de 113.000 horas en su vida, lo que ser\u00edan aproximadamente 12 a\u00f1os trabajando sin descanso. Sorprendidos por estos datos, indagamos un poco m\u00e1s y encontramos que se estima que alrededor del <strong>4% de la poblaci\u00f3n padece ansiedad, el 4% depresi\u00f3n, y un 59% ha sufrido estr\u00e9s laboral, mientras que las bajas laborales por motivos de salud mental suponen el 50% del total, con 53 bajas por cada 1.000 trabajadores en un per\u00edodo reciente.<\/strong> <\/p>\n\n\n\n<p class=\"has-neve-text-color-color has-text-color\">Conociendo estas cifras y cont\u00e1ndose con nuestra experiencia individual, decidimos desarrollar un proyecto que pudiera favorecer tanto a las empresas como a los trabajadores con la finalidad de mejorar la calidad de vida de los miembros de la empresa cuidando la salud emocional y previniendo las bajas laborales y el absentismo por causas de salud mental.<\/p>\n<\/div>\n<\/div>\n\n\n\n<div style=\"height:40px\" aria-hidden=\"true\" class=\"wp-block-spacer\"><\/div>\n<\/div><\/div>\n<\/div><\/div>\n\n\n\n<div class=\"wp-block-cover alignfull\" style=\"min-height:600px;aspect-ratio:unset;\"><span aria-hidden=\"true\" class=\"wp-block-cover__background has-nv-dark-bg-background-color has-background-dim-100 has-background-dim\"><\/span><div class=\"wp-block-cover__inner-container is-layout-flow wp-block-cover-is-layout-flow\">\n<div class=\"wp-block-group\"><div class=\"wp-block-group__inner-container is-layout-flow wp-block-group-is-layout-flow\">\n<div style=\"height:80px\" aria-hidden=\"true\" class=\"wp-block-spacer\"><\/div>\n\n\n\n<div class=\"wp-block-columns are-vertically-aligned-center is-layout-flex wp-container-core-columns-is-layout-9d6595d7 wp-block-columns-is-layout-flex\">\n<div class=\"wp-block-column is-vertically-aligned-center is-layout-flow wp-block-column-is-layout-flow\" style=\"flex-basis:50%\">\n<h2 class=\"wp-block-heading has-nv-text-dark-bg-color has-text-color\">Nuestra filosof\u00eda<\/h2>\n\n\n\n<p class=\"has-nv-text-dark-bg-color has-text-color\">En Anka Formaci\u00f3n y Psicolog\u00eda, nuestra esencia se fundamenta en valores que ponen a las personas en el centro: el bienestar emocional, la autenticidad y el crecimiento continuo. Creemos que solo desde la confianza, la empat\u00eda y la escucha activa pueden construirse equipos s\u00f3lidos y organizaciones sostenibles. <\/p>\n\n\n\n<p class=\"has-nv-text-dark-bg-color has-text-color\">Estos principios gu\u00edan cada uno de nuestros programas y formaciones, asegurando relaciones cercanas, respetuosas y orientadas al desarrollo tanto personal como profesional. Ya sea trabajando con peque\u00f1as empresas en proceso de transformaci\u00f3n o con grandes equipos consolidados, nuestro compromiso es el mismo: acompa\u00f1ar con integridad, fomentar la motivaci\u00f3n y abrir caminos hacia una cultura laboral m\u00e1s humana y positiva.<\/p>\n\n\n\n<div class=\"wp-block-buttons is-layout-flex wp-block-buttons-is-layout-flex\">\n<div class=\"wp-block-button is-style-primary\"><a class=\"wp-block-button__link wp-element-button\" href=\"https:\/\/ankaformacion.com\/contactar\">M\u00c1S INFORMACI\u00d3N<\/a><\/div>\n<\/div>\n<\/div>\n\n\n\n<div class=\"wp-block-column is-vertically-aligned-center is-layout-flow wp-block-column-is-layout-flow\" style=\"flex-basis:50%\">\n<figure class=\"wp-block-image size-full is-style-rounded\"><img loading=\"lazy\" decoding=\"async\" width=\"1040\" height=\"1384\" src=\"https:\/\/ankaformacion.com\/wp-content\/uploads\/2025\/09\/nuestra-filosofia-anka.jpg\" alt=\"\" class=\"wp-image-559\" srcset=\"https:\/\/ankaformacion.com\/wp-content\/uploads\/2025\/09\/nuestra-filosofia-anka.jpg 1040w, https:\/\/ankaformacion.com\/wp-content\/uploads\/2025\/09\/nuestra-filosofia-anka-225x300.jpg 225w, https:\/\/ankaformacion.com\/wp-content\/uploads\/2025\/09\/nuestra-filosofia-anka-769x1024.jpg 769w, https:\/\/ankaformacion.com\/wp-content\/uploads\/2025\/09\/nuestra-filosofia-anka-768x1022.jpg 768w\" sizes=\"auto, (max-width: 1040px) 100vw, 1040px\" \/><\/figure>\n\n\n<div class=\"wp-block-image is-style-rounded\">\n<figure class=\"aligncenter size-medium\"><img loading=\"lazy\" decoding=\"async\" width=\"225\" height=\"300\" src=\"https:\/\/ankaformacion.com\/wp-content\/uploads\/2025\/09\/nuestra-filosofia-anka-225x300.jpg\" alt=\"\" class=\"wp-image-559\" srcset=\"https:\/\/ankaformacion.com\/wp-content\/uploads\/2025\/09\/nuestra-filosofia-anka-225x300.jpg 225w, https:\/\/ankaformacion.com\/wp-content\/uploads\/2025\/09\/nuestra-filosofia-anka-769x1024.jpg 769w, https:\/\/ankaformacion.com\/wp-content\/uploads\/2025\/09\/nuestra-filosofia-anka-768x1022.jpg 768w, https:\/\/ankaformacion.com\/wp-content\/uploads\/2025\/09\/nuestra-filosofia-anka.jpg 1040w\" sizes=\"auto, (max-width: 225px) 100vw, 225px\" \/><\/figure>\n<\/div><\/div>\n<\/div>\n\n\n\n<div style=\"height:40px\" aria-hidden=\"true\" class=\"wp-block-spacer\"><\/div>\n<\/div><\/div>\n<\/div><\/div>\n\n\n\n<div class=\"wp-block-cover alignfull\" style=\"min-height:600px;aspect-ratio:unset;\"><span aria-hidden=\"true\" class=\"wp-block-cover__background has-nv-light-bg-background-color has-background-dim-100 has-background-dim\"><\/span><div class=\"wp-block-cover__inner-container is-layout-flow wp-block-cover-is-layout-flow\">\n<div class=\"wp-block-group\"><div class=\"wp-block-group__inner-container is-layout-flow wp-block-group-is-layout-flow\">\n<div style=\"height:80px\" aria-hidden=\"true\" class=\"wp-block-spacer\"><\/div>\n\n\n\n<div class=\"wp-block-columns has-neve-text-color-color has-text-color is-layout-flex wp-container-core-columns-is-layout-da476ddf wp-block-columns-is-layout-flex\" style=\"padding-right:var(--wp--preset--spacing--60);padding-left:var(--wp--preset--spacing--60)\">\n<div class=\"wp-block-column is-vertically-aligned-top is-layout-flow wp-block-column-is-layout-flow\" style=\"flex-basis:100%\">\n<h2 class=\"wp-block-heading has-text-align-center has-neve-text-color-color has-text-color\">Nuestro equipo<\/h2>\n\n\n<div class=\"wp-block-image is-style-rounded\">\n<figure class=\"aligncenter size-full is-resized\"><img loading=\"lazy\" decoding=\"async\" width=\"525\" height=\"431\" src=\"https:\/\/ankaformacion.com\/wp-content\/uploads\/2025\/09\/Raquel-Rosado.png\" alt=\"\" class=\"wp-image-735\" style=\"width:400px\" srcset=\"https:\/\/ankaformacion.com\/wp-content\/uploads\/2025\/09\/Raquel-Rosado.png 525w, https:\/\/ankaformacion.com\/wp-content\/uploads\/2025\/09\/Raquel-Rosado-300x246.png 300w\" sizes=\"auto, (max-width: 525px) 100vw, 525px\" \/><\/figure>\n<\/div>\n\n\n<div style=\"height:15px\" aria-hidden=\"true\" class=\"wp-block-spacer\"><\/div>\n\n\n\n<p class=\"has-neve-text-color-color has-text-color\"><strong>RAQUEL ROSADO<\/strong> Especialista en terapia breve y estrat\u00e9gica, formaci\u00f3n en terapia sist\u00e9mica familiar. Cuento con trayectoria en tratamiento terap\u00e9utico tanto en ni\u00f1os como en adultos desde una visi\u00f3n pr\u00e1ctica e integradora de la persona y su entorno.<\/p>\n\n\n\n<p class=\"has-neve-text-color-color has-text-color\">Experiencia en tratamiento de problem\u00e1ticas de salud mental (depresi\u00f3n, ansiedad y trastornos de car\u00e1cter psiqui\u00e1trico). Trabajo por una rehabilitaci\u00f3n bio-psico-social a trav\u00e9s de la aceptaci\u00f3n, la autoconfianza y el crecimiento personal.<\/p>\n\n\n\n<div style=\"height:25px\" aria-hidden=\"true\" class=\"wp-block-spacer\"><\/div>\n\n\n<div class=\"wp-block-image is-style-rounded\">\n<figure class=\"aligncenter size-full is-resized\"><img loading=\"lazy\" decoding=\"async\" width=\"1530\" height=\"1438\" src=\"https:\/\/ankaformacion.com\/wp-content\/uploads\/2025\/09\/WhatsApp-Image-2025-09-26-at-12.19.34-1.jpeg\" alt=\"\" class=\"wp-image-741\" style=\"width:400px\" srcset=\"https:\/\/ankaformacion.com\/wp-content\/uploads\/2025\/09\/WhatsApp-Image-2025-09-26-at-12.19.34-1.jpeg 1530w, https:\/\/ankaformacion.com\/wp-content\/uploads\/2025\/09\/WhatsApp-Image-2025-09-26-at-12.19.34-1-300x282.jpeg 300w, https:\/\/ankaformacion.com\/wp-content\/uploads\/2025\/09\/WhatsApp-Image-2025-09-26-at-12.19.34-1-1024x962.jpeg 1024w, https:\/\/ankaformacion.com\/wp-content\/uploads\/2025\/09\/WhatsApp-Image-2025-09-26-at-12.19.34-1-768x722.jpeg 768w\" sizes=\"auto, (max-width: 1530px) 100vw, 1530px\" \/><\/figure>\n<\/div>\n\n\n<div style=\"height:15px\" aria-hidden=\"true\" class=\"wp-block-spacer\"><\/div>\n\n\n\n<p><strong>POL DURAN<\/strong> Ingeniero de Telecomunicaciones especializado en el coaching tecnol\u00f3gico, digitalizaci\u00f3n y gesti\u00f3n de equipos. Amplia experiencia dirigiendo grupos de trabajo, equipos y clases. Siempre diversificando el tama\u00f1o de las empresas, tanto grandes, medianas como peque\u00f1as y startups. Siempre enfocado en las personas, en ayudar y aportar soluciones a las problem\u00e1ticas actuales. Formaci\u00f3n superior en Big Data, IA y ML.<\/p>\n\n\n\n<div style=\"height:25px\" aria-hidden=\"true\" class=\"wp-block-spacer\"><\/div>\n\n\n<div class=\"wp-block-image is-style-rounded\">\n<figure class=\"aligncenter size-full is-resized\"><img loading=\"lazy\" decoding=\"async\" width=\"525\" height=\"431\" src=\"https:\/\/ankaformacion.com\/wp-content\/uploads\/2025\/09\/Mireia-Granana.png\" alt=\"\" class=\"wp-image-736\" style=\"width:400px\" srcset=\"https:\/\/ankaformacion.com\/wp-content\/uploads\/2025\/09\/Mireia-Granana.png 525w, https:\/\/ankaformacion.com\/wp-content\/uploads\/2025\/09\/Mireia-Granana-300x246.png 300w\" sizes=\"auto, (max-width: 525px) 100vw, 525px\" \/><\/figure>\n<\/div>\n\n\n<div style=\"height:15px\" aria-hidden=\"true\" class=\"wp-block-spacer\"><\/div>\n\n\n\n<p><strong>MIREIA GRA\u00d1ANA<\/strong> Especialista en el acompa\u00f1amiento de adultos y adolescentes, ofreciendo tambi\u00e9n apoyo y herramientas a las familias. Experiencia en el tratamiento terap\u00e9utico con personas con ansiedad, trastornos del estado de \u00e1nimo, con dificultades emocionales o relacionales, as\u00ed como en procesos de duelo. Formaci\u00f3n superior en Coaching y PNL, acompa\u00f1ando a las personas en el dise\u00f1o de planes de acci\u00f3n para la consecuci\u00f3n de objetivos. Formaci\u00f3n en terapia familiar sist\u00e9mica.<\/p>\n\n\n\n<div style=\"height:25px\" aria-hidden=\"true\" class=\"wp-block-spacer\"><\/div>\n\n\n<div class=\"wp-block-image is-style-rounded\">\n<figure class=\"aligncenter size-full is-resized\"><img loading=\"lazy\" decoding=\"async\" width=\"530\" height=\"530\" src=\"https:\/\/ankaformacion.com\/wp-content\/uploads\/2025\/09\/laura-vinas.jpg\" alt=\"\" class=\"wp-image-737\" style=\"width:400px\" srcset=\"https:\/\/ankaformacion.com\/wp-content\/uploads\/2025\/09\/laura-vinas.jpg 530w, https:\/\/ankaformacion.com\/wp-content\/uploads\/2025\/09\/laura-vinas-300x300.jpg 300w, https:\/\/ankaformacion.com\/wp-content\/uploads\/2025\/09\/laura-vinas-150x150.jpg 150w\" sizes=\"auto, (max-width: 530px) 100vw, 530px\" \/><\/figure>\n<\/div>\n\n\n<div style=\"height:15px\" aria-hidden=\"true\" class=\"wp-block-spacer\"><\/div>\n\n\n\n<p class=\"has-neve-text-color-color has-text-color\"><strong>LAURA VI\u00d1AS <\/strong>Soy psic\u00f3loga, sex\u00f3loga, terapeuta de parejas y terapeuta EMDR. He trabajado tanto con personas neurot\u00edpicas como neurodivergentes, de distintas edades. Tengo un enfoque integrador, y veo el proceso terap\u00e9utico como un trabajo en equipo, el cual es \u00fanico con cada persona que acompa\u00f1o.<\/p>\n<\/div>\n<\/div>\n\n\n\n<div class=\"wp-block-columns has-neve-text-color-color has-text-color is-layout-flex wp-container-core-columns-is-layout-9d6595d7 wp-block-columns-is-layout-flex\">\n<div class=\"wp-block-column is-vertically-aligned-center is-layout-flow wp-block-column-is-layout-flow\" style=\"flex-basis:50%\">\n<figure class=\"wp-block-image size-full is-resized is-style-rounded\"><img loading=\"lazy\" decoding=\"async\" width=\"525\" height=\"431\" src=\"https:\/\/ankaformacion.com\/wp-content\/uploads\/2025\/09\/Raquel-Rosado.png\" alt=\"\" class=\"wp-image-735\" style=\"width:400px\" srcset=\"https:\/\/ankaformacion.com\/wp-content\/uploads\/2025\/09\/Raquel-Rosado.png 525w, https:\/\/ankaformacion.com\/wp-content\/uploads\/2025\/09\/Raquel-Rosado-300x246.png 300w\" sizes=\"auto, (max-width: 525px) 100vw, 525px\" \/><\/figure>\n\n\n\n<div style=\"height:100px\" aria-hidden=\"true\" class=\"wp-block-spacer\"><\/div>\n\n\n\n<figure class=\"wp-block-image size-full is-resized is-style-rounded\"><img loading=\"lazy\" decoding=\"async\" width=\"1530\" height=\"1438\" src=\"https:\/\/ankaformacion.com\/wp-content\/uploads\/2025\/09\/WhatsApp-Image-2025-09-26-at-12.19.34-1.jpeg\" alt=\"\" class=\"wp-image-741\" style=\"width:400px\" srcset=\"https:\/\/ankaformacion.com\/wp-content\/uploads\/2025\/09\/WhatsApp-Image-2025-09-26-at-12.19.34-1.jpeg 1530w, https:\/\/ankaformacion.com\/wp-content\/uploads\/2025\/09\/WhatsApp-Image-2025-09-26-at-12.19.34-1-300x282.jpeg 300w, https:\/\/ankaformacion.com\/wp-content\/uploads\/2025\/09\/WhatsApp-Image-2025-09-26-at-12.19.34-1-1024x962.jpeg 1024w, https:\/\/ankaformacion.com\/wp-content\/uploads\/2025\/09\/WhatsApp-Image-2025-09-26-at-12.19.34-1-768x722.jpeg 768w\" sizes=\"auto, (max-width: 1530px) 100vw, 1530px\" \/><\/figure>\n\n\n\n<div style=\"height:100px\" aria-hidden=\"true\" class=\"wp-block-spacer\"><\/div>\n\n\n\n<figure class=\"wp-block-image size-full is-resized is-style-rounded\"><img loading=\"lazy\" decoding=\"async\" width=\"525\" height=\"431\" src=\"https:\/\/ankaformacion.com\/wp-content\/uploads\/2025\/09\/Mireia-Granana.png\" alt=\"\" class=\"wp-image-736\" style=\"width:400px\" srcset=\"https:\/\/ankaformacion.com\/wp-content\/uploads\/2025\/09\/Mireia-Granana.png 525w, https:\/\/ankaformacion.com\/wp-content\/uploads\/2025\/09\/Mireia-Granana-300x246.png 300w\" sizes=\"auto, (max-width: 525px) 100vw, 525px\" \/><\/figure>\n\n\n\n<div style=\"height:100px\" aria-hidden=\"true\" class=\"wp-block-spacer\"><\/div>\n\n\n\n<figure class=\"wp-block-image size-full is-resized is-style-rounded\"><img loading=\"lazy\" decoding=\"async\" width=\"530\" height=\"530\" src=\"https:\/\/ankaformacion.com\/wp-content\/uploads\/2025\/09\/laura-vinas.jpg\" alt=\"\" class=\"wp-image-737\" style=\"width:400px\" srcset=\"https:\/\/ankaformacion.com\/wp-content\/uploads\/2025\/09\/laura-vinas.jpg 530w, https:\/\/ankaformacion.com\/wp-content\/uploads\/2025\/09\/laura-vinas-300x300.jpg 300w, https:\/\/ankaformacion.com\/wp-content\/uploads\/2025\/09\/laura-vinas-150x150.jpg 150w\" sizes=\"auto, (max-width: 530px) 100vw, 530px\" \/><\/figure>\n<\/div>\n\n\n\n<div class=\"wp-block-column is-vertically-aligned-top is-layout-flow wp-block-column-is-layout-flow\" style=\"flex-basis:50%\">\n<h2 class=\"wp-block-heading has-neve-text-color-color has-text-color\">Nuestro equipo<\/h2>\n\n\n\n<p class=\"has-neve-text-color-color has-text-color\"><strong>RAQUEL ROSADO<\/strong> Especialista en terapia breve y estrat\u00e9gica, formaci\u00f3n en terapia sist\u00e9mica familiar. Cuento con trayectoria en tratamiento terap\u00e9utico tanto en ni\u00f1os como en adultos desde una visi\u00f3n pr\u00e1ctica e integradora de la persona y su entorno.<\/p>\n\n\n\n<p class=\"has-neve-text-color-color has-text-color\">Experiencia en tratamiento de problem\u00e1ticas de salud mental (depresi\u00f3n, ansiedad y trastornos de car\u00e1cter psiqui\u00e1trico). Trabajo por una rehabilitaci\u00f3n bio-psico-social a trav\u00e9s de la aceptaci\u00f3n, la autoconfianza y el crecimiento personal.<\/p>\n\n\n\n<div style=\"height:100px\" aria-hidden=\"true\" class=\"wp-block-spacer\"><\/div>\n\n\n\n<p><strong>POL DURAN<\/strong> Ingeniero de Telecomunicaciones especializado en el coaching tecnol\u00f3gico, digitalizaci\u00f3n y gesti\u00f3n de equipos. Amplia experiencia dirigiendo grupos de trabajo, equipos y clases. Siempre diversificando el tama\u00f1o de las empresas, tanto grandes, medianas como peque\u00f1as y startups. Siempre enfocado en las personas, en ayudar y aportar soluciones a las problem\u00e1ticas actuales. Formaci\u00f3n superior en Big Data, IA y ML.<\/p>\n\n\n\n<div style=\"height:180px\" aria-hidden=\"true\" class=\"wp-block-spacer\"><\/div>\n\n\n\n<p><strong>MIREIA GRA\u00d1ANA<\/strong> Especialista en el acompa\u00f1amiento de adultos y adolescentes, ofreciendo tambi\u00e9n apoyo y herramientas a las familias. Experiencia en el tratamiento terap\u00e9utico con personas con ansiedad, trastornos del estado de \u00e1nimo, con dificultades emocionales o relacionales, as\u00ed como en procesos de duelo. Formaci\u00f3n superior en Coaching y PNL, acompa\u00f1ando a las personas en el dise\u00f1o de planes de acci\u00f3n para la consecuci\u00f3n de objetivos. Formaci\u00f3n en terapia familiar sist\u00e9mica.<\/p>\n\n\n\n<div style=\"height:200px\" aria-hidden=\"true\" class=\"wp-block-spacer\"><\/div>\n\n\n\n<p class=\"has-neve-text-color-color has-text-color\"><strong>LAURA VI\u00d1AS <\/strong>Soy psic\u00f3loga, sex\u00f3loga, terapeuta de parejas y terapeuta EMDR. He trabajado tanto con personas neurot\u00edpicas como neurodivergentes, de distintas edades. Tengo un enfoque integrador, y veo el proceso terap\u00e9utico como un trabajo en equipo, el cual es \u00fanico con cada persona que acompa\u00f1o.<\/p>\n<\/div>\n<\/div>\n\n\n\n<div style=\"height:40px\" aria-hidden=\"true\" class=\"wp-block-spacer\"><\/div>\n<\/div><\/div>\n<\/div><\/div>\n\n\n\n<div class=\"wp-block-cover alignfull\" style=\"min-height:420px;aspect-ratio:unset;\"><span aria-hidden=\"true\" class=\"wp-block-cover__background has-nv-site-bg-background-color has-background-dim-100 has-background-dim\"><\/span><div class=\"wp-block-cover__inner-container is-layout-flow wp-block-cover-is-layout-flow\">\n<div style=\"height:80px\" aria-hidden=\"true\" class=\"wp-block-spacer\"><\/div>\n\n\n\n<div class=\"wp-block-columns is-layout-flex wp-container-core-columns-is-layout-9d6595d7 wp-block-columns-is-layout-flex\">\n<div class=\"wp-block-column ticss-4ce656f1 is-layout-flow wp-block-column-is-layout-flow\"><div class=\"wp-block-image icon-style is-style-default\">\n<figure class=\"aligncenter size-full\"><img loading=\"lazy\" decoding=\"async\" width=\"64\" height=\"64\" src=\"https:\/\/ankaformacion.com\/wp-content\/uploads\/2025\/09\/street-view.png\" alt=\"\" class=\"wp-image-728\"\/><\/figure>\n<\/div>\n\n\n<div style=\"height:24px\" aria-hidden=\"true\" class=\"wp-block-spacer\"><\/div>\n\n\n\n<h3 class=\"wp-block-heading has-text-align-center has-neve-text-color-color has-text-color\">Enfoque Humano<\/h3>\n\n\n\n<p class=\"has-text-align-center has-neve-text-color-color has-text-color\">Ponemos a las personas en el centro, creando experiencias que fortalecen la motivaci\u00f3n, el bienestar y la cohesi\u00f3n de los equipos.<\/p>\n\n\n\n<div style=\"height:20px\" aria-hidden=\"true\" class=\"wp-block-spacer\"><\/div>\n<\/div>\n\n\n\n<div class=\"wp-block-column ticss-f6fc7494 is-layout-flow wp-block-column-is-layout-flow\"><div class=\"wp-block-image icon-style is-style-default\">\n<figure class=\"aligncenter size-full\"><img loading=\"lazy\" decoding=\"async\" width=\"64\" height=\"64\" src=\"https:\/\/ankaformacion.com\/wp-content\/uploads\/2025\/09\/leadership-alt.png\" alt=\"\" class=\"wp-image-731\"\/><\/figure>\n<\/div>\n\n\n<div style=\"height:24px\" aria-hidden=\"true\" class=\"wp-block-spacer\"><\/div>\n\n\n\n<h3 class=\"wp-block-heading has-text-align-center has-neve-text-color-color has-text-color\">Gu\u00eda Transformadora<\/h3>\n\n\n\n<p class=\"has-text-align-center has-neve-text-color-color has-text-color\">A trav\u00e9s de coaching, formaci\u00f3n y din\u00e1micas pr\u00e1cticas, ayudamos a l\u00edderes y colaboradores a descubrir nuevas formas de crecer juntos.<\/p>\n\n\n\n<div style=\"height:20px\" aria-hidden=\"true\" class=\"wp-block-spacer\"><\/div>\n<\/div>\n\n\n\n<div class=\"wp-block-column ticss-a5b4df29 is-layout-flow wp-block-column-is-layout-flow\"><div class=\"wp-block-image icon-style is-style-default\">\n<figure class=\"aligncenter size-full\"><img loading=\"lazy\" decoding=\"async\" width=\"64\" height=\"64\" src=\"https:\/\/ankaformacion.com\/wp-content\/uploads\/2025\/09\/population.png\" alt=\"\" class=\"wp-image-729\"\/><\/figure>\n<\/div>\n\n\n<div style=\"height:24px\" aria-hidden=\"true\" class=\"wp-block-spacer\"><\/div>\n\n\n\n<h3 class=\"wp-block-heading has-text-align-center has-neve-text-color-color has-text-color\">Impacto Positivo<\/h3>\n\n\n\n<p class=\"has-text-align-center has-neve-text-color-color has-text-color\">Nuestro enfoque en liderazgo positivo y comunicaci\u00f3n genera cambios sostenibles que se reflejan en la cultura y en los resultados de la organizaci\u00f3n.<\/p>\n\n\n\n<div style=\"height:20px\" aria-hidden=\"true\" class=\"wp-block-spacer\"><\/div>\n<\/div>\n<\/div>\n\n\n\n<div style=\"height:30px\" aria-hidden=\"true\" class=\"wp-block-spacer\"><\/div>\n<\/div><\/div>\n","protected":false},"excerpt":{"rendered":"","protected":false},"author":1,"featured_media":0,"parent":0,"menu_order":0,"comment_status":"closed","ping_status":"closed","template":"","meta":{"neve_meta_sidebar":"default","neve_meta_container":"default","neve_meta_enable_content_width":"on","neve_meta_content_width":100,"neve_meta_title_alignment":"","neve_meta_author_avatar":"","neve_post_elements_order":"","neve_meta_disable_header":"","neve_meta_disable_footer":"","neve_meta_disable_title":"on","_themeisle_gutenberg_block_has_review":false,"footnotes":""},"class_list":["post-61","page","type-page","status-publish","hentry"],"_links":{"self":[{"href":"https:\/\/ankaformacion.com\/es\/wp-json\/wp\/v2\/pages\/61","targetHints":{"allow":["GET"]}}],"collection":[{"href":"https:\/\/ankaformacion.com\/es\/wp-json\/wp\/v2\/pages"}],"about":[{"href":"https:\/\/ankaformacion.com\/es\/wp-json\/wp\/v2\/types\/page"}],"author":[{"embeddable":true,"href":"https:\/\/ankaformacion.com\/es\/wp-json\/wp\/v2\/users\/1"}],"replies":[{"embeddable":true,"href":"https:\/\/ankaformacion.com\/es\/wp-json\/wp\/v2\/comments?post=61"}],"version-history":[{"count":40,"href":"https:\/\/ankaformacion.com\/es\/wp-json\/wp\/v2\/pages\/61\/revisions"}],"predecessor-version":[{"id":835,"href":"https:\/\/ankaformacion.com\/es\/wp-json\/wp\/v2\/pages\/61\/revisions\/835"}],"wp:attachment":[{"href":"https:\/\/ankaformacion.com\/es\/wp-json\/wp\/v2\/media?parent=61"}],"curies":[{"name":"wp","href":"https:\/\/api.w.org\/{rel}","templated":true}]}}