{"id":69,"date":"2020-01-27T08:05:29","date_gmt":"2020-01-27T08:05:29","guid":{"rendered":"https:\/\/demosites.io\/web-agency-gb\/?page_id=69"},"modified":"2025-10-06T10:28:57","modified_gmt":"2025-10-06T10:28:57","slug":"servicios","status":"publish","type":"page","link":"https:\/\/ankaformacion.com\/es\/servicios\/","title":{"rendered":"Qu\u00e9 ofrecemos?"},"content":{"rendered":"\n<div class=\"wp-block-cover alignfull\" style=\"min-height:300px;aspect-ratio:unset;\"><span aria-hidden=\"true\" class=\"wp-block-cover__background has-nv-site-bg-background-color has-background-dim-100 has-background-dim\"><\/span><div class=\"wp-block-cover__inner-container is-layout-flow wp-block-cover-is-layout-flow\">\n<div class=\"wp-block-group\"><div class=\"wp-block-group__inner-container is-layout-flow wp-block-group-is-layout-flow\">\n<h1 class=\"wp-block-heading has-text-align-left has-neve-text-color-color has-text-color\">Qu\u00e9 ofrecemos?<\/h1>\n<\/div><\/div>\n<\/div><\/div>\n\n\n\n<div class=\"wp-block-cover alignfull\" style=\"min-height:600px;aspect-ratio:unset;\"><span aria-hidden=\"true\" class=\"wp-block-cover__background has-nv-light-bg-background-color has-background-dim-100 has-background-dim\"><\/span><div class=\"wp-block-cover__inner-container is-layout-flow wp-block-cover-is-layout-flow\">\n<div class=\"wp-block-group\"><div class=\"wp-block-group__inner-container is-layout-flow wp-block-group-is-layout-flow\">\n<div style=\"height:80px\" aria-hidden=\"true\" class=\"wp-block-spacer\"><\/div>\n\n\n\n<div class=\"wp-block-columns are-vertically-aligned-center is-layout-flex wp-container-core-columns-is-layout-9d6595d7 wp-block-columns-is-layout-flex\">\n<div class=\"wp-block-column is-vertically-aligned-center is-layout-flow wp-block-column-is-layout-flow\" style=\"flex-basis:50%\">\n<figure class=\"wp-block-image size-large has-custom-border\"><img loading=\"lazy\" decoding=\"async\" width=\"769\" height=\"1024\" src=\"https:\/\/ankaformacion.com\/wp-content\/uploads\/2025\/09\/teambuilding-anka-769x1024.jpg\" alt=\"\" class=\"wp-image-392\" style=\"border-radius:100px\" srcset=\"https:\/\/ankaformacion.com\/wp-content\/uploads\/2025\/09\/teambuilding-anka-769x1024.jpg 769w, https:\/\/ankaformacion.com\/wp-content\/uploads\/2025\/09\/teambuilding-anka-225x300.jpg 225w, https:\/\/ankaformacion.com\/wp-content\/uploads\/2025\/09\/teambuilding-anka-768x1022.jpg 768w, https:\/\/ankaformacion.com\/wp-content\/uploads\/2025\/09\/teambuilding-anka.jpg 1040w\" sizes=\"auto, (max-width: 769px) 100vw, 769px\" \/><\/figure>\n\n\n\n<div style=\"height:24px\" aria-hidden=\"true\" class=\"wp-block-spacer\"><\/div>\n\n\n\n<h3 class=\"wp-block-heading has-text-align-center has-neve-text-color-color has-text-color\">Coordinaci\u00f3n entre departamentos y equipos<\/h3>\n\n\n\n<p class=\"has-text-align-center has-neve-text-color-color has-text-color\">Formaci\u00f3n con un enfoque organizacional din\u00e1mico creado para conectar departamentos y equipos, fomentando una colaboraci\u00f3n fluida, reduciendo silos y potenciando el \u00e9xito colectivo. Evita los conflictos.<\/p>\n\n\n\n<div class=\"wp-block-buttons is-content-justification-center is-layout-flex wp-container-core-buttons-is-layout-16018d1d wp-block-buttons-is-layout-flex\">\n<div class=\"wp-block-button is-style-primary\"><a class=\"wp-block-button__link wp-element-button\" href=\"https:\/\/ankaformacion.com\/contactar\">M\u00c1S INFORMACI\u00d3N<\/a><\/div>\n<\/div>\n\n\n\n<div style=\"height:40px\" aria-hidden=\"true\" class=\"wp-block-spacer\"><\/div>\n<\/div>\n\n\n\n<div class=\"wp-block-column is-vertically-aligned-center is-layout-flow wp-block-column-is-layout-flow\" style=\"flex-basis:50%\">\n<figure class=\"wp-block-image size-large has-custom-border\"><img loading=\"lazy\" decoding=\"async\" width=\"769\" height=\"1024\" src=\"https:\/\/ankaformacion.com\/wp-content\/uploads\/2025\/09\/colaboracion-departamentos-769x1024.jpg\" alt=\"\" class=\"wp-image-549\" style=\"border-radius:100px\" srcset=\"https:\/\/ankaformacion.com\/wp-content\/uploads\/2025\/09\/colaboracion-departamentos-769x1024.jpg 769w, https:\/\/ankaformacion.com\/wp-content\/uploads\/2025\/09\/colaboracion-departamentos-225x300.jpg 225w, https:\/\/ankaformacion.com\/wp-content\/uploads\/2025\/09\/colaboracion-departamentos-768x1022.jpg 768w, https:\/\/ankaformacion.com\/wp-content\/uploads\/2025\/09\/colaboracion-departamentos.jpg 1040w\" sizes=\"auto, (max-width: 769px) 100vw, 769px\" \/><\/figure>\n\n\n\n<div style=\"height:24px\" aria-hidden=\"true\" class=\"wp-block-spacer\"><\/div>\n\n\n\n<h3 class=\"wp-block-heading has-text-align-center has-neve-text-color-color has-text-color\">Coaching y asesoramiento para equipos directivos<\/h3>\n\n\n\n<p class=\"has-text-align-center has-neve-text-color-color has-text-color\">Un servicio estrat\u00e9gico dise\u00f1ado para acompa\u00f1ar a equipos directivos, fortaleciendo su liderazgo, optimizando la toma de decisiones y generando un impacto positivo en toda la organizaci\u00f3n.<\/p>\n\n\n\n<div class=\"wp-block-buttons is-content-justification-center is-layout-flex wp-container-core-buttons-is-layout-16018d1d wp-block-buttons-is-layout-flex\">\n<div class=\"wp-block-button is-style-primary\"><a class=\"wp-block-button__link wp-element-button\" href=\"https:\/\/ankaformacion.com\/contactar\">M\u00c1S INFORMACI\u00d3N<\/a><\/div>\n<\/div>\n\n\n\n<div style=\"height:40px\" aria-hidden=\"true\" class=\"wp-block-spacer\"><\/div>\n<\/div>\n<\/div>\n\n\n\n<div style=\"height:40px\" aria-hidden=\"true\" class=\"wp-block-spacer\"><\/div>\n<\/div><\/div>\n<\/div><\/div>\n\n\n\n<div class=\"wp-block-cover alignfull\" style=\"min-height:600px;aspect-ratio:unset;\"><span aria-hidden=\"true\" class=\"wp-block-cover__background has-nv-site-bg-background-color has-background-dim-100 has-background-dim\"><\/span><div class=\"wp-block-cover__inner-container is-layout-flow wp-block-cover-is-layout-flow\">\n<div class=\"wp-block-group\"><div class=\"wp-block-group__inner-container is-layout-flow wp-block-group-is-layout-flow\">\n<div style=\"height:80px\" aria-hidden=\"true\" class=\"wp-block-spacer\"><\/div>\n\n\n\n<div class=\"wp-block-columns are-vertically-aligned-center is-layout-flex wp-container-core-columns-is-layout-9d6595d7 wp-block-columns-is-layout-flex\">\n<div class=\"wp-block-column is-vertically-aligned-center is-layout-flow wp-block-column-is-layout-flow\" style=\"flex-basis:50%\">\n<figure class=\"wp-block-image size-full has-custom-border\"><img loading=\"lazy\" decoding=\"async\" width=\"642\" height=\"852\" src=\"https:\/\/ankaformacion.com\/wp-content\/uploads\/2025\/09\/valores-anka.png\" alt=\"\" class=\"wp-image-504\" style=\"border-radius:100px\" srcset=\"https:\/\/ankaformacion.com\/wp-content\/uploads\/2025\/09\/valores-anka.png 642w, https:\/\/ankaformacion.com\/wp-content\/uploads\/2025\/09\/valores-anka-226x300.png 226w\" sizes=\"auto, (max-width: 642px) 100vw, 642px\" \/><\/figure>\n\n\n\n<div style=\"height:24px\" aria-hidden=\"true\" class=\"wp-block-spacer\"><\/div>\n\n\n\n<h3 class=\"wp-block-heading has-text-align-center has-neve-text-color-color has-text-color\">Team building<\/h3>\n\n\n\n<p class=\"has-text-align-center has-neve-text-color-color has-text-color\">Una experiencia dise\u00f1ada para unir personas, fortalecer la confianza y potenciar la colaboraci\u00f3n, transformando equipos en comunidades que alcanzan resultados extraordinarios.<\/p>\n\n\n\n<div class=\"wp-block-buttons is-content-justification-center is-layout-flex wp-container-core-buttons-is-layout-16018d1d wp-block-buttons-is-layout-flex\">\n<div class=\"wp-block-button is-style-primary\"><a class=\"wp-block-button__link wp-element-button\" href=\"https:\/\/ankaformacion.com\/contactar\">M\u00c1S INFORMACI\u00d3N<\/a><\/div>\n<\/div>\n\n\n\n<div style=\"height:40px\" aria-hidden=\"true\" class=\"wp-block-spacer\"><\/div>\n<\/div>\n\n\n\n<div class=\"wp-block-column is-vertically-aligned-center is-layout-flow wp-block-column-is-layout-flow\" style=\"flex-basis:50%\">\n<figure class=\"wp-block-image size-large has-custom-border\"><img loading=\"lazy\" decoding=\"async\" width=\"769\" height=\"1024\" src=\"https:\/\/ankaformacion.com\/wp-content\/uploads\/2025\/09\/gestion-del-estres-769x1024.jpg\" alt=\"\" class=\"wp-image-551\" style=\"border-radius:100px\" srcset=\"https:\/\/ankaformacion.com\/wp-content\/uploads\/2025\/09\/gestion-del-estres-769x1024.jpg 769w, https:\/\/ankaformacion.com\/wp-content\/uploads\/2025\/09\/gestion-del-estres-225x300.jpg 225w, https:\/\/ankaformacion.com\/wp-content\/uploads\/2025\/09\/gestion-del-estres-768x1022.jpg 768w, https:\/\/ankaformacion.com\/wp-content\/uploads\/2025\/09\/gestion-del-estres.jpg 1040w\" sizes=\"auto, (max-width: 769px) 100vw, 769px\" \/><\/figure>\n\n\n\n<div style=\"height:24px\" aria-hidden=\"true\" class=\"wp-block-spacer\"><\/div>\n\n\n\n<h3 class=\"wp-block-heading has-text-align-center has-neve-text-color-color has-text-color\">Gesti\u00f3n del estr\u00e9s y del tiempo<\/h3>\n\n\n\n<p class=\"has-text-align-center has-neve-text-color-color has-text-color\">Un programa integral orientado a equilibrar bienestar y productividad, ayudando a gestionar el estr\u00e9s, optimizar el tiempo y mantener equipos enfocados y motivados.<\/p>\n\n\n\n<div class=\"wp-block-buttons is-content-justification-center is-layout-flex wp-container-core-buttons-is-layout-16018d1d wp-block-buttons-is-layout-flex\">\n<div class=\"wp-block-button is-style-primary\"><a class=\"wp-block-button__link wp-element-button\" href=\"https:\/\/ankaformacion.com\/contacar\">M\u00c1S INFORMACI\u00d3N<\/a><\/div>\n<\/div>\n\n\n\n<div style=\"height:40px\" aria-hidden=\"true\" class=\"wp-block-spacer\"><\/div>\n<\/div>\n<\/div>\n\n\n\n<div style=\"height:40px\" aria-hidden=\"true\" class=\"wp-block-spacer\"><\/div>\n<\/div><\/div>\n<\/div><\/div>\n\n\n\n<div class=\"wp-block-cover alignfull\" style=\"min-height:600px;aspect-ratio:unset;\"><span aria-hidden=\"true\" class=\"wp-block-cover__background has-nv-light-bg-background-color has-background-dim-100 has-background-dim\"><\/span><div class=\"wp-block-cover__inner-container is-layout-flow wp-block-cover-is-layout-flow\">\n<div class=\"wp-block-group\"><div class=\"wp-block-group__inner-container is-layout-flow wp-block-group-is-layout-flow\">\n<div style=\"height:80px\" aria-hidden=\"true\" class=\"wp-block-spacer\"><\/div>\n\n\n\n<div class=\"wp-block-columns are-vertically-aligned-center is-layout-flex wp-container-core-columns-is-layout-9d6595d7 wp-block-columns-is-layout-flex\">\n<div class=\"wp-block-column is-vertically-aligned-center is-layout-flow wp-block-column-is-layout-flow\" style=\"flex-basis:50%\">\n<figure class=\"wp-block-image size-large has-custom-border\"><img loading=\"lazy\" decoding=\"async\" width=\"769\" height=\"1024\" src=\"https:\/\/ankaformacion.com\/wp-content\/uploads\/2025\/09\/gestion-objetivos-769x1024.jpg\" alt=\"\" class=\"wp-image-552\" style=\"border-radius:100px\" srcset=\"https:\/\/ankaformacion.com\/wp-content\/uploads\/2025\/09\/gestion-objetivos-769x1024.jpg 769w, https:\/\/ankaformacion.com\/wp-content\/uploads\/2025\/09\/gestion-objetivos-225x300.jpg 225w, https:\/\/ankaformacion.com\/wp-content\/uploads\/2025\/09\/gestion-objetivos-768x1022.jpg 768w, https:\/\/ankaformacion.com\/wp-content\/uploads\/2025\/09\/gestion-objetivos.jpg 1040w\" sizes=\"auto, (max-width: 769px) 100vw, 769px\" \/><\/figure>\n\n\n\n<div style=\"height:24px\" aria-hidden=\"true\" class=\"wp-block-spacer\"><\/div>\n\n\n\n<h3 class=\"wp-block-heading has-text-align-center has-neve-text-color-color has-text-color\">Gesti\u00f3n de los objetivos y expectativas<\/h3>\n\n\n\n<p class=\"has-text-align-center has-neve-text-color-color has-text-color\">Un enfoque estructurado para alinear metas y expectativas, impulsando la claridad, la motivaci\u00f3n y la consecuci\u00f3n de resultados sostenibles en los equipos.<\/p>\n\n\n\n<div class=\"wp-block-buttons is-content-justification-center is-layout-flex wp-container-core-buttons-is-layout-16018d1d wp-block-buttons-is-layout-flex\">\n<div class=\"wp-block-button is-style-primary\"><a class=\"wp-block-button__link wp-element-button\" href=\"https:\/\/ankaformacion.com\/contactar\">M\u00c1S INFORMACI\u00d3N<\/a><\/div>\n<\/div>\n\n\n\n<div style=\"height:40px\" aria-hidden=\"true\" class=\"wp-block-spacer\"><\/div>\n<\/div>\n\n\n\n<div class=\"wp-block-column is-vertically-aligned-center is-layout-flow wp-block-column-is-layout-flow\" style=\"flex-basis:50%\">\n<figure class=\"wp-block-image size-large has-custom-border\"><img loading=\"lazy\" decoding=\"async\" width=\"769\" height=\"1024\" src=\"https:\/\/ankaformacion.com\/wp-content\/uploads\/2025\/09\/liderazgo-positivo-y-comunicacion-769x1024.jpg\" alt=\"\" class=\"wp-image-553\" style=\"border-radius:100px\" srcset=\"https:\/\/ankaformacion.com\/wp-content\/uploads\/2025\/09\/liderazgo-positivo-y-comunicacion-769x1024.jpg 769w, https:\/\/ankaformacion.com\/wp-content\/uploads\/2025\/09\/liderazgo-positivo-y-comunicacion-225x300.jpg 225w, https:\/\/ankaformacion.com\/wp-content\/uploads\/2025\/09\/liderazgo-positivo-y-comunicacion-768x1022.jpg 768w, https:\/\/ankaformacion.com\/wp-content\/uploads\/2025\/09\/liderazgo-positivo-y-comunicacion.jpg 1040w\" sizes=\"auto, (max-width: 769px) 100vw, 769px\" \/><\/figure>\n\n\n\n<div style=\"height:24px\" aria-hidden=\"true\" class=\"wp-block-spacer\"><\/div>\n\n\n\n<h3 class=\"wp-block-heading has-text-align-center has-neve-text-color-color has-text-color\">Liderazgo positivo y comunicaci\u00f3n<\/h3>\n\n\n\n<p class=\"has-text-align-center has-neve-text-color-color has-text-color\">Impulsa un liderazgo inspirador y una comunicaci\u00f3n efectiva, fortaleciendo la confianza, la motivaci\u00f3n y la cohesi\u00f3n en los equipos.<\/p>\n\n\n\n<div class=\"wp-block-buttons is-content-justification-center is-layout-flex wp-container-core-buttons-is-layout-16018d1d wp-block-buttons-is-layout-flex\">\n<div class=\"wp-block-button is-style-primary\"><a class=\"wp-block-button__link wp-element-button\" href=\"https:\/\/ankaformacion.com\/contactar\">M\u00c1S INFORMACI\u00d3N<\/a><\/div>\n<\/div>\n\n\n\n<div style=\"height:40px\" aria-hidden=\"true\" class=\"wp-block-spacer\"><\/div>\n<\/div>\n<\/div>\n\n\n\n<div style=\"height:40px\" aria-hidden=\"true\" class=\"wp-block-spacer\"><\/div>\n<\/div><\/div>\n<\/div><\/div>\n\n\n\n<div class=\"wp-block-cover alignfull\" style=\"min-height:600px;aspect-ratio:unset;\"><span aria-hidden=\"true\" class=\"wp-block-cover__background has-nv-site-bg-background-color has-background-dim-100 has-background-dim\"><\/span><div class=\"wp-block-cover__inner-container is-layout-flow wp-block-cover-is-layout-flow\">\n<div class=\"wp-block-group\"><div class=\"wp-block-group__inner-container is-layout-flow wp-block-group-is-layout-flow\">\n<div style=\"height:80px\" aria-hidden=\"true\" class=\"wp-block-spacer\"><\/div>\n\n\n\n<div class=\"wp-block-columns are-vertically-aligned-center is-layout-flex wp-container-core-columns-is-layout-9d6595d7 wp-block-columns-is-layout-flex\">\n<div class=\"wp-block-column is-vertically-aligned-center is-layout-flow wp-block-column-is-layout-flow\" style=\"flex-basis:50%\">\n<figure class=\"wp-block-image size-large has-custom-border\"><img loading=\"lazy\" decoding=\"async\" width=\"769\" height=\"1024\" src=\"https:\/\/ankaformacion.com\/wp-content\/uploads\/2025\/09\/comunicacion-anka-769x1024.jpg\" alt=\"\" class=\"wp-image-393\" style=\"border-radius:100px\" srcset=\"https:\/\/ankaformacion.com\/wp-content\/uploads\/2025\/09\/comunicacion-anka-769x1024.jpg 769w, https:\/\/ankaformacion.com\/wp-content\/uploads\/2025\/09\/comunicacion-anka-225x300.jpg 225w, https:\/\/ankaformacion.com\/wp-content\/uploads\/2025\/09\/comunicacion-anka-768x1022.jpg 768w, https:\/\/ankaformacion.com\/wp-content\/uploads\/2025\/09\/comunicacion-anka.jpg 1040w\" sizes=\"auto, (max-width: 769px) 100vw, 769px\" \/><\/figure>\n\n\n\n<div style=\"height:24px\" aria-hidden=\"true\" class=\"wp-block-spacer\"><\/div>\n\n\n\n<h3 class=\"wp-block-heading has-text-align-center has-neve-text-color-color has-text-color\">Psicolog\u00eda organizacional<\/h3>\n\n\n\n<p class=\"has-text-align-center has-neve-text-color-color has-text-color\">Un enfoque cient\u00edfico aplicado al entorno laboral para comprender, optimizar y fortalecer el comportamiento humano en las organizaciones, impulsando bienestar y rendimiento colectivo.<\/p>\n\n\n\n<div class=\"wp-block-buttons is-content-justification-center is-layout-flex wp-container-core-buttons-is-layout-16018d1d wp-block-buttons-is-layout-flex\">\n<div class=\"wp-block-button is-style-primary\"><a class=\"wp-block-button__link wp-element-button\" href=\"https:\/\/ankaformacion.com\/contactar\">M\u00c1S INFORMACI\u00d3N<\/a><\/div>\n<\/div>\n\n\n\n<div style=\"height:40px\" aria-hidden=\"true\" class=\"wp-block-spacer\"><\/div>\n<\/div>\n\n\n\n<div class=\"wp-block-column is-vertically-aligned-center is-layout-flow wp-block-column-is-layout-flow\" style=\"flex-basis:50%\">\n<figure class=\"wp-block-image size-large has-custom-border\"><img loading=\"lazy\" decoding=\"async\" width=\"769\" height=\"1024\" src=\"https:\/\/ankaformacion.com\/wp-content\/uploads\/2025\/09\/Talleres-y-dinamicas-a-traves-del-deporte-769x1024.jpg\" alt=\"\" class=\"wp-image-554\" style=\"border-radius:100px\" srcset=\"https:\/\/ankaformacion.com\/wp-content\/uploads\/2025\/09\/Talleres-y-dinamicas-a-traves-del-deporte-769x1024.jpg 769w, https:\/\/ankaformacion.com\/wp-content\/uploads\/2025\/09\/Talleres-y-dinamicas-a-traves-del-deporte-225x300.jpg 225w, https:\/\/ankaformacion.com\/wp-content\/uploads\/2025\/09\/Talleres-y-dinamicas-a-traves-del-deporte-768x1022.jpg 768w, https:\/\/ankaformacion.com\/wp-content\/uploads\/2025\/09\/Talleres-y-dinamicas-a-traves-del-deporte.jpg 1040w\" sizes=\"auto, (max-width: 769px) 100vw, 769px\" \/><\/figure>\n\n\n\n<div style=\"height:24px\" aria-hidden=\"true\" class=\"wp-block-spacer\"><\/div>\n\n\n\n<h3 class=\"wp-block-heading has-text-align-center has-neve-text-color-color has-text-color\">Talleres y din\u00e1micas a trav\u00e9s del deporte<\/h3>\n\n\n\n<p class=\"has-text-align-center has-neve-text-color-color has-text-color\">Experiencias activas dise\u00f1adas para fortalecer la colaboraci\u00f3n, la confianza y el esp\u00edritu de equipo, utilizando el deporte como herramienta para el desarrollo personal y profesional.<\/p>\n\n\n\n<div class=\"wp-block-buttons is-content-justification-center is-layout-flex wp-container-core-buttons-is-layout-16018d1d wp-block-buttons-is-layout-flex\">\n<div class=\"wp-block-button is-style-primary\"><a class=\"wp-block-button__link wp-element-button\" href=\"https:\/\/ankaformacion.com\/contacar\">M\u00c1S INFORMACI\u00d3N<\/a><\/div>\n<\/div>\n\n\n\n<div style=\"height:40px\" aria-hidden=\"true\" class=\"wp-block-spacer\"><\/div>\n<\/div>\n<\/div>\n\n\n\n<div style=\"height:40px\" aria-hidden=\"true\" class=\"wp-block-spacer\"><\/div>\n<\/div><\/div>\n<\/div><\/div>\n\n\n\n<div class=\"wp-block-cover alignfull\" style=\"min-height:300px;aspect-ratio:unset;\"><span aria-hidden=\"true\" class=\"wp-block-cover__background has-nv-dark-bg-background-color has-background-dim-100 has-background-dim\"><\/span><div class=\"wp-block-cover__inner-container is-layout-flow wp-block-cover-is-layout-flow\">\n<div style=\"height:80px\" aria-hidden=\"true\" class=\"wp-block-spacer\"><\/div>\n\n\n<div class=\"wp-block-image is-style-rounded\">\n<figure class=\"aligncenter size-full is-resized\"><img loading=\"lazy\" decoding=\"async\" width=\"200\" height=\"180\" src=\"https:\/\/ankaformacion.com\/wp-content\/uploads\/2025\/09\/cropped-nou-logo-anka-formacion-y-psicologia.png\" alt=\"\" class=\"wp-image-646\" style=\"width:80px;height:80px\"\/><\/figure>\n<\/div>\n\n\n<div style=\"height:24px\" aria-hidden=\"true\" class=\"wp-block-spacer\"><\/div>\n\n\n\n<p class=\"has-text-align-center has-nv-text-dark-bg-color has-text-color\">\u201cFormaciones que previenen conflictos, reducen el estr\u00e9s y mejoran el rendimiento de tu equipo.\u201d<\/p>\n\n\n\n<p class=\"has-text-align-center has-nv-text-dark-bg-color has-text-color\" style=\"font-size:14px\">ANKA Formaci\u00f3n y Psicolog\u00eda<\/p>\n\n\n\n<div style=\"height:80px\" aria-hidden=\"true\" class=\"wp-block-spacer\"><\/div>\n<\/div><\/div>\n","protected":false},"excerpt":{"rendered":"","protected":false},"author":1,"featured_media":0,"parent":0,"menu_order":0,"comment_status":"closed","ping_status":"closed","template":"","meta":{"neve_meta_sidebar":"full-width","neve_meta_container":"","neve_meta_enable_content_width":"on","neve_meta_content_width":100,"neve_meta_title_alignment":"","neve_meta_author_avatar":"","neve_post_elements_order":"","neve_meta_disable_header":"","neve_meta_disable_footer":"","neve_meta_disable_title":"on","_themeisle_gutenberg_block_has_review":false,"footnotes":""},"class_list":["post-69","page","type-page","status-publish","hentry"],"_links":{"self":[{"href":"https:\/\/ankaformacion.com\/es\/wp-json\/wp\/v2\/pages\/69","targetHints":{"allow":["GET"]}}],"collection":[{"href":"https:\/\/ankaformacion.com\/es\/wp-json\/wp\/v2\/pages"}],"about":[{"href":"https:\/\/ankaformacion.com\/es\/wp-json\/wp\/v2\/types\/page"}],"author":[{"embeddable":true,"href":"https:\/\/ankaformacion.com\/es\/wp-json\/wp\/v2\/users\/1"}],"replies":[{"embeddable":true,"href":"https:\/\/ankaformacion.com\/es\/wp-json\/wp\/v2\/comments?post=69"}],"version-history":[{"count":11,"href":"https:\/\/ankaformacion.com\/es\/wp-json\/wp\/v2\/pages\/69\/revisions"}],"predecessor-version":[{"id":851,"href":"https:\/\/ankaformacion.com\/es\/wp-json\/wp\/v2\/pages\/69\/revisions\/851"}],"wp:attachment":[{"href":"https:\/\/ankaformacion.com\/es\/wp-json\/wp\/v2\/media?parent=69"}],"curies":[{"name":"wp","href":"https:\/\/api.w.org\/{rel}","templated":true}]}}