{"id":71,"date":"2020-01-27T08:15:05","date_gmt":"2020-01-27T08:15:05","guid":{"rendered":"https:\/\/demosites.io\/web-agency-gb\/?page_id=71"},"modified":"2025-10-06T08:57:10","modified_gmt":"2025-10-06T08:57:10","slug":"evaluacion-equipos","status":"publish","type":"page","link":"https:\/\/ankaformacion.com\/es\/evaluacion-equipos\/","title":{"rendered":"Evaluaci\u00f3n de equipos de trabajo"},"content":{"rendered":"\n<div class=\"wp-block-cover alignfull\" style=\"min-height:320px;aspect-ratio:unset;\"><span aria-hidden=\"true\" class=\"wp-block-cover__background has-nv-site-bg-background-color has-background-dim-100 has-background-dim\"><\/span><div class=\"wp-block-cover__inner-container is-layout-flow wp-block-cover-is-layout-flow\">\n<div class=\"wp-block-group\"><div class=\"wp-block-group__inner-container is-layout-flow wp-block-group-is-layout-flow\">\n<div class=\"wp-block-columns are-vertically-aligned-center is-layout-flex wp-container-core-columns-is-layout-9d6595d7 wp-block-columns-is-layout-flex\">\n<div class=\"wp-block-column is-vertically-aligned-center is-layout-flow wp-block-column-is-layout-flow\" style=\"flex-basis:100%\">\n<h1 class=\"wp-block-heading has-text-align-left has-neve-text-color-color has-text-color\">Evaluaci\u00f3n de equipos de trabajo<\/h1>\n\n\n\n<p class=\"has-neve-text-color-color has-text-color\">Impulsamos a los equipos a descubrir su potencial, identificando fortalezas y \u00e1reas de mejora para alcanzar un rendimiento m\u00e1s s\u00f3lido y equilibrado.<\/p>\n<\/div>\n\n\n\n<div class=\"wp-block-column is-vertically-aligned-center is-layout-flow wp-block-column-is-layout-flow\" style=\"flex-basis:30%\"><\/div>\n<\/div>\n<\/div><\/div>\n<\/div><\/div>\n\n\n\n<div class=\"wp-block-cover alignfull\" style=\"min-height:600px;aspect-ratio:unset;\"><span aria-hidden=\"true\" class=\"wp-block-cover__background has-nv-light-bg-background-color has-background-dim-100 has-background-dim\"><\/span><div class=\"wp-block-cover__inner-container is-layout-flow wp-block-cover-is-layout-flow\">\n<div class=\"wp-block-group\"><div class=\"wp-block-group__inner-container is-layout-flow wp-block-group-is-layout-flow\">\n<div style=\"height:80px\" aria-hidden=\"true\" class=\"wp-block-spacer\"><\/div>\n\n\n\n<div class=\"wp-block-columns is-layout-flex wp-container-core-columns-is-layout-9d6595d7 wp-block-columns-is-layout-flex\">\n<div class=\"wp-block-column is-layout-flow wp-block-column-is-layout-flow\" style=\"flex-basis:66.79%\">\n<figure class=\"wp-block-image size-full has-custom-border\"><img loading=\"lazy\" decoding=\"async\" width=\"896\" height=\"1600\" src=\"https:\/\/ankaformacion.com\/wp-content\/uploads\/2025\/09\/trabajo-en-equipo.jpg\" alt=\"\" class=\"wp-image-669\" style=\"border-radius:100px\" srcset=\"https:\/\/ankaformacion.com\/wp-content\/uploads\/2025\/09\/trabajo-en-equipo.jpg 896w, https:\/\/ankaformacion.com\/wp-content\/uploads\/2025\/09\/trabajo-en-equipo-168x300.jpg 168w, https:\/\/ankaformacion.com\/wp-content\/uploads\/2025\/09\/trabajo-en-equipo-573x1024.jpg 573w, https:\/\/ankaformacion.com\/wp-content\/uploads\/2025\/09\/trabajo-en-equipo-768x1371.jpg 768w, https:\/\/ankaformacion.com\/wp-content\/uploads\/2025\/09\/trabajo-en-equipo-860x1536.jpg 860w\" sizes=\"auto, (max-width: 896px) 100vw, 896px\" \/><\/figure>\n\n\n\n<div style=\"height:40px\" aria-hidden=\"true\" class=\"wp-block-spacer\"><\/div>\n<\/div>\n\n\n\n<div class=\"wp-block-column is-layout-flow wp-block-column-is-layout-flow\" style=\"flex-basis:34%\">\n<p class=\"has-neve-text-color-color has-text-color\">Nos centramos en conocer individualmente las caracter\u00edsticas y necesidades de las personas que conforman cada equipo o departamento. Creemos que cada individuo posee unas potencialidades y caracter\u00edsticas espec\u00edficas, el conocimiento de estas, puede aportar mucha informaci\u00f3n para un desarrollo \u00f3ptimo de su persona profesional en el puesto de trabajo.<\/p>\n\n\n\n<ul class=\"wp-block-list\">\n<li class=\"has-nv-dark-bg-color has-text-color has-link-color wp-elements-1634f0672958ccda336df7de74e56593\"><strong>Evaluaci\u00f3n del desempe\u00f1o: <\/strong>evaluaci\u00f3n de la adecuaci\u00f3n entre car\u00e1cter y lugar de trabajo. \u00bfRealmente esta persona que est\u00e1 desarrollando este trabajo es adecuada para el puesto, o podr\u00eda sentirse mucho m\u00e1s satisfecha en un lugar de trabajo diferente?<\/li>\n<\/ul>\n\n\n\n<ul class=\"wp-block-list\">\n<li class=\"has-nv-dark-bg-color has-text-color has-link-color wp-elements-9183c89aa99c7dfa8434ed9632d5e340\"><strong>Viabilidad de equipos de trabajo: <\/strong>valoramos si la conformaci\u00f3n de los equipos de trabajo est\u00e1n funcionando acorde con los objetivos de la empresa. \u00bfMi equipo estructurado de esta manera, est\u00e1 funcionando? \u00bfNecesitamos movimientos internos para que el ambiente laboral sea m\u00e1s agradable?<\/li>\n<\/ul>\n\n\n\n<p class=\"has-neve-text-color-color has-text-color\"><\/p>\n\n\n\n<div class=\"wp-block-buttons is-layout-flex wp-block-buttons-is-layout-flex\">\n<div class=\"wp-block-button is-style-primary\"><a class=\"wp-block-button__link wp-element-button\" href=\"https:\/\/ankaformacion.com\/nosotros\/\">CON\u00d3CENOS<\/a><\/div>\n<\/div>\n\n\n\n<div style=\"height:24px\" aria-hidden=\"true\" class=\"wp-block-spacer\"><\/div>\n\n\n\n<div style=\"height:24px\" aria-hidden=\"true\" class=\"wp-block-spacer\"><\/div>\n<\/div>\n<\/div>\n\n\n\n<div style=\"height:40px\" aria-hidden=\"true\" class=\"wp-block-spacer\"><\/div>\n<\/div><\/div>\n<\/div><\/div>\n\n\n\n<div class=\"wp-block-cover alignfull\" style=\"min-height:600px;aspect-ratio:unset;\"><span aria-hidden=\"true\" class=\"wp-block-cover__background has-nv-site-bg-background-color has-background-dim-100 has-background-dim\"><\/span><div class=\"wp-block-cover__inner-container is-layout-flow wp-block-cover-is-layout-flow\">\n<div class=\"wp-block-group\"><div class=\"wp-block-group__inner-container is-layout-flow wp-block-group-is-layout-flow\">\n<div style=\"height:80px\" aria-hidden=\"true\" class=\"wp-block-spacer\"><\/div>\n\n\n\n<h2 class=\"wp-block-heading has-neve-text-color-color has-text-color\">Otros servicios<\/h2>\n\n\n\n<div style=\"height:20px\" aria-hidden=\"true\" class=\"wp-block-spacer\"><\/div>\n\n\n\n<div class=\"wp-block-columns are-vertically-aligned-center is-layout-flex wp-container-core-columns-is-layout-9d6595d7 wp-block-columns-is-layout-flex\">\n<div class=\"wp-block-column is-vertically-aligned-center is-layout-flow wp-block-column-is-layout-flow\" style=\"flex-basis:50%\">\n<div class=\"wp-block-cover\" style=\"border-radius:100px\"><img loading=\"lazy\" decoding=\"async\" width=\"1024\" height=\"573\" class=\"wp-block-cover__image-background wp-image-655 size-large\" alt=\"\" src=\"https:\/\/ankaformacion.com\/wp-content\/uploads\/2025\/09\/salud-mental-1024x573.jpg\" data-object-fit=\"cover\" srcset=\"https:\/\/ankaformacion.com\/wp-content\/uploads\/2025\/09\/salud-mental-1024x573.jpg 1024w, https:\/\/ankaformacion.com\/wp-content\/uploads\/2025\/09\/salud-mental-300x168.jpg 300w, https:\/\/ankaformacion.com\/wp-content\/uploads\/2025\/09\/salud-mental-768x430.jpg 768w, https:\/\/ankaformacion.com\/wp-content\/uploads\/2025\/09\/salud-mental-1536x860.jpg 1536w, https:\/\/ankaformacion.com\/wp-content\/uploads\/2025\/09\/salud-mental.jpg 1600w\" sizes=\"auto, (max-width: 1024px) 100vw, 1024px\" \/><span aria-hidden=\"true\" class=\"wp-block-cover__background has-background-dim\" style=\"background-color:#5f4632\"><\/span><div class=\"wp-block-cover__inner-container is-layout-flow wp-block-cover-is-layout-flow\">\n<p class=\"has-text-align-center has-nv-site-bg-color has-text-color has-link-color has-large-font-size wp-elements-2c84ab166bd152ee2eb78e5895dd2f7d\"><strong><a href=\"https:\/\/ankaformacion.com\/formacion-emocional-equipos\/\" data-type=\"page\" data-id=\"436\">Prevenci\u00f3n en salud mental<\/a><\/strong><\/p>\n<\/div><\/div>\n\n\n\n<div style=\"height:40px\" aria-hidden=\"true\" class=\"wp-block-spacer\"><\/div>\n<\/div>\n\n\n\n<div class=\"wp-block-column is-vertically-aligned-center is-layout-flow wp-block-column-is-layout-flow\" style=\"flex-basis:50%\">\n<div class=\"wp-block-cover\" style=\"border-radius:100px\"><img loading=\"lazy\" decoding=\"async\" width=\"1024\" height=\"573\" class=\"wp-block-cover__image-background wp-image-656 size-large\" alt=\"\" src=\"https:\/\/ankaformacion.com\/wp-content\/uploads\/2025\/09\/resolucion-de-conflictos-1024x573.jpg\" data-object-fit=\"cover\" srcset=\"https:\/\/ankaformacion.com\/wp-content\/uploads\/2025\/09\/resolucion-de-conflictos-1024x573.jpg 1024w, https:\/\/ankaformacion.com\/wp-content\/uploads\/2025\/09\/resolucion-de-conflictos-300x168.jpg 300w, https:\/\/ankaformacion.com\/wp-content\/uploads\/2025\/09\/resolucion-de-conflictos-768x430.jpg 768w, https:\/\/ankaformacion.com\/wp-content\/uploads\/2025\/09\/resolucion-de-conflictos-1536x860.jpg 1536w, https:\/\/ankaformacion.com\/wp-content\/uploads\/2025\/09\/resolucion-de-conflictos.jpg 1600w\" sizes=\"auto, (max-width: 1024px) 100vw, 1024px\" \/><span aria-hidden=\"true\" class=\"wp-block-cover__background has-background-dim\" style=\"background-color:#7b604a\"><\/span><div class=\"wp-block-cover__inner-container is-layout-flow wp-block-cover-is-layout-flow\">\n<p class=\"has-text-align-center has-nv-site-bg-color has-text-color has-link-color has-large-font-size wp-elements-f71ac5276fe94992ad2ab1fade2ec78f\"><strong><a href=\"\/resolucion-de-conflictos\">Resoluci\u00f3n de conflictos<\/a><\/strong><\/p>\n<\/div><\/div>\n\n\n\n<div style=\"height:40px\" aria-hidden=\"true\" class=\"wp-block-spacer\"><\/div>\n<\/div>\n<\/div>\n\n\n\n<div style=\"height:40px\" aria-hidden=\"true\" class=\"wp-block-spacer\"><\/div>\n<\/div><\/div>\n<\/div><\/div>\n\n\n\n<div class=\"wp-block-cover alignfull\" style=\"min-height:300px;aspect-ratio:unset;\"><span aria-hidden=\"true\" class=\"wp-block-cover__background has-nv-dark-bg-background-color has-background-dim-100 has-background-dim\"><\/span><div class=\"wp-block-cover__inner-container is-layout-flow wp-block-cover-is-layout-flow\">\n<div style=\"height:140px\" aria-hidden=\"true\" class=\"wp-block-spacer\"><\/div>\n\n\n\n<h2 class=\"wp-block-heading has-text-align-center has-nv-text-dark-bg-color has-text-color\">Trabajemos juntos en el bienestar del equipo<\/h2>\n\n\n\n<p class=\"has-text-align-center\">Mejorar el ambiente laboral es un proceso, y nosotros os guiaremos en cada etapa hacia una cultura empresarial m\u00e1s saludable.<\/p>\n\n\n\n<div class=\"wp-block-buttons is-horizontal is-content-justification-center is-layout-flex wp-container-core-buttons-is-layout-499968f5 wp-block-buttons-is-layout-flex\">\n<div class=\"wp-block-button is-style-primary\"><a class=\"wp-block-button__link wp-element-button\" href=\"https:\/\/ankaformacion.com\/contactar\">CON\u00d3CENOS<\/a><\/div>\n<\/div>\n\n\n\n<div style=\"height:140px\" aria-hidden=\"true\" class=\"wp-block-spacer\"><\/div>\n<\/div><\/div>\n","protected":false},"excerpt":{"rendered":"","protected":false},"author":1,"featured_media":0,"parent":0,"menu_order":0,"comment_status":"closed","ping_status":"closed","template":"","meta":{"neve_meta_sidebar":"default","neve_meta_container":"","neve_meta_enable_content_width":"on","neve_meta_content_width":100,"neve_meta_title_alignment":"","neve_meta_author_avatar":"","neve_post_elements_order":"","neve_meta_disable_header":"","neve_meta_disable_footer":"","neve_meta_disable_title":"on","_themeisle_gutenberg_block_has_review":false,"footnotes":""},"class_list":["post-71","page","type-page","status-publish","hentry"],"_links":{"self":[{"href":"https:\/\/ankaformacion.com\/es\/wp-json\/wp\/v2\/pages\/71","targetHints":{"allow":["GET"]}}],"collection":[{"href":"https:\/\/ankaformacion.com\/es\/wp-json\/wp\/v2\/pages"}],"about":[{"href":"https:\/\/ankaformacion.com\/es\/wp-json\/wp\/v2\/types\/page"}],"author":[{"embeddable":true,"href":"https:\/\/ankaformacion.com\/es\/wp-json\/wp\/v2\/users\/1"}],"replies":[{"embeddable":true,"href":"https:\/\/ankaformacion.com\/es\/wp-json\/wp\/v2\/comments?post=71"}],"version-history":[{"count":17,"href":"https:\/\/ankaformacion.com\/es\/wp-json\/wp\/v2\/pages\/71\/revisions"}],"predecessor-version":[{"id":818,"href":"https:\/\/ankaformacion.com\/es\/wp-json\/wp\/v2\/pages\/71\/revisions\/818"}],"wp:attachment":[{"href":"https:\/\/ankaformacion.com\/es\/wp-json\/wp\/v2\/media?parent=71"}],"curies":[{"name":"wp","href":"https:\/\/api.w.org\/{rel}","templated":true}]}}